





{"id":5671,"date":"2018-06-07T10:11:31","date_gmt":"2018-06-07T09:11:31","guid":{"rendered":"http:\/\/www.ecosurface.co.uk\/?page_id=5671"},"modified":"2026-03-24T15:32:06","modified_gmt":"2026-03-24T15:32:06","slug":"downloads","status":"publish","type":"page","link":"https:\/\/www.ecosurface.co.uk\/fr\/downloads\/","title":{"rendered":"T\u00e9l\u00e9chargements"},"content":{"rendered":"<p><a href=\"https:\/\/www.ecosurface.co.uk\/wp-content\/uploads\/2025\/03\/Tableau-comparatif-des-paillages-en-caoutchouc.pdf\" target=\"blank\" rel=\"noopener\">Tableau comparatif des paillages en caoutchouc PDF<\/a><\/p>\n<p><a href=\"https:\/\/www.ecosurface.co.uk\/wp-content\/uploads\/2026\/03\/Ecosurface-green-credentials.pdf\" target=\"blank\" rel=\"noopener\">Des r\u00e9f\u00e9rences \u00e9cologiques PDF<\/a><\/p>\n<p><a href=\"https:\/\/www.ecosurface.co.uk\/wp-content\/uploads\/2026\/03\/Ecosurface-tested-performance-criteria-March-2026.pdf\" target=\"blank\" rel=\"noopener\">Ecobond tested performance PDF<\/a><\/p>\n<p><a href=\"https:\/\/www.ecosurface.co.uk\/wp-content\/uploads\/2021\/01\/Gummibond-surface-warranty-2020.pdf\" target=\"blank\" rel=\"noopener\">Gummibond warranty PDF<\/a><\/p>\n<p><a href=\"https:\/\/www.ecosurface.co.uk\/wp-content\/uploads\/2026\/03\/Options-de-couleur-de-Ecobond-Gummibond.pdf\" target=\"blank\" rel=\"noopener\">Options de couleur de Ecobond &amp; Gummibond PDF<\/a><\/p>\n<p><a href=\"https:\/\/www.ecosurface.co.uk\/wp-content\/uploads\/2025\/03\/Blends.pdf\" target=\"blank\" rel=\"noopener\">M\u00e9langes PDF<\/a><\/p>\n<p><a href=\"https:\/\/www.ecosurface.co.uk\/wp-content\/uploads\/2021\/08\/Just-Mulch-colour-options.pdf\" target=\"blank\" rel=\"noopener\">Just Mulch colour options PDF<\/a><\/p>\n<p><a href=\"https:\/\/www.ecosurface.co.uk\/wp-content\/uploads\/2025\/03\/Systeme-de-choc-Ecosurface-Pro-Base-Pad\u2122.pdf\" target=\"blank\" rel=\"noopener\">Syst\u00e8me de choc Ecosurface Pro Base Pad\u2122<\/a><\/p>","protected":false},"excerpt":{"rendered":"<p>Rubber mulch material comparison chart PDF Green credentials PDF Ecobond tested performance PDF Gummibond warranty PDF Ecobond colour options PDF Ecobond two colour mixes PDF Just Mulch colour options PDF Ecosurface ProBasePad information PDF<\/p>","protected":false},"author":2,"featured_media":0,"parent":0,"menu_order":0,"comment_status":"closed","ping_status":"closed","template":"","meta":{"inline_featured_image":false,"ngg_post_thumbnail":0,"footnotes":""},"class_list":["post-5671","page","type-page","status-publish","hentry"],"yoast_head":"<!-- This site is optimized with the Yoast SEO plugin v27.4 - https:\/\/yoast.com\/product\/yoast-seo-wordpress\/ -->\n<title>Downloads<\/title>\n<meta name=\"robots\" content=\"index, follow, max-snippet:-1, max-image-preview:large, max-video-preview:-1\" \/>\n<link rel=\"canonical\" href=\"https:\/\/www.ecosurface.co.uk\/fr\/downloads\/\" \/>\n<meta property=\"og:locale\" content=\"fr_FR\" \/>\n<meta property=\"og:type\" content=\"article\" \/>\n<meta property=\"og:title\" content=\"Downloads\" \/>\n<meta property=\"og:description\" content=\"Rubber mulch material comparison chart PDF Green credentials PDF Ecobond tested performance PDF Gummibond warranty PDF Ecobond colour options PDF Ecobond two colour mixes PDF Just Mulch colour options PDF Ecosurface ProBasePad information PDF\" \/>\n<meta property=\"og:url\" content=\"https:\/\/www.ecosurface.co.uk\/fr\/downloads\/\" \/>\n<meta property=\"og:site_name\" content=\"EcoSurface\" \/>\n<meta property=\"article:modified_time\" content=\"2026-03-24T15:32:06+00:00\" \/>\n<meta name=\"twitter:card\" content=\"summary_large_image\" \/>\n<meta name=\"twitter:label1\" content=\"Dur\u00e9e de lecture estim\u00e9e\" \/>\n\t<meta name=\"twitter:data1\" content=\"1 minute\" \/>\n<script type=\"application\/ld+json\" class=\"yoast-schema-graph\">{\"@context\":\"https:\\\/\\\/schema.org\",\"@graph\":[{\"@type\":\"WebPage\",\"@id\":\"https:\\\/\\\/www.ecosurface.co.uk\\\/downloads\\\/\",\"url\":\"https:\\\/\\\/www.ecosurface.co.uk\\\/downloads\\\/\",\"name\":\"Downloads\",\"isPartOf\":{\"@id\":\"https:\\\/\\\/www.ecosurface.co.uk\\\/#website\"},\"datePublished\":\"2018-06-07T09:11:31+00:00\",\"dateModified\":\"2026-03-24T15:32:06+00:00\",\"breadcrumb\":{\"@id\":\"https:\\\/\\\/www.ecosurface.co.uk\\\/downloads\\\/#breadcrumb\"},\"inLanguage\":\"fr-FR\",\"potentialAction\":[{\"@type\":\"ReadAction\",\"target\":[\"https:\\\/\\\/www.ecosurface.co.uk\\\/downloads\\\/\"]}]},{\"@type\":\"BreadcrumbList\",\"@id\":\"https:\\\/\\\/www.ecosurface.co.uk\\\/downloads\\\/#breadcrumb\",\"itemListElement\":[{\"@type\":\"ListItem\",\"position\":1,\"name\":\"Home\",\"item\":\"https:\\\/\\\/www.ecosurface.co.uk\\\/\"},{\"@type\":\"ListItem\",\"position\":2,\"name\":\"Downloads\"}]},{\"@type\":\"WebSite\",\"@id\":\"https:\\\/\\\/www.ecosurface.co.uk\\\/#website\",\"url\":\"https:\\\/\\\/www.ecosurface.co.uk\\\/\",\"name\":\"EcoSurface\",\"description\":\"\",\"publisher\":{\"@id\":\"https:\\\/\\\/www.ecosurface.co.uk\\\/#organization\"},\"potentialAction\":[{\"@type\":\"SearchAction\",\"target\":{\"@type\":\"EntryPoint\",\"urlTemplate\":\"https:\\\/\\\/www.ecosurface.co.uk\\\/?s={search_term_string}\"},\"query-input\":{\"@type\":\"PropertyValueSpecification\",\"valueRequired\":true,\"valueName\":\"search_term_string\"}}],\"inLanguage\":\"fr-FR\"},{\"@type\":\"Organization\",\"@id\":\"https:\\\/\\\/www.ecosurface.co.uk\\\/#organization\",\"name\":\"EcoSurface\",\"url\":\"https:\\\/\\\/www.ecosurface.co.uk\\\/\",\"logo\":{\"@type\":\"ImageObject\",\"inLanguage\":\"fr-FR\",\"@id\":\"https:\\\/\\\/www.ecosurface.co.uk\\\/#\\\/schema\\\/logo\\\/image\\\/\",\"url\":\"https:\\\/\\\/www.ecosurface.co.uk\\\/wp-content\\\/uploads\\\/2018\\\/02\\\/Ecosurface-logo.gif\",\"contentUrl\":\"https:\\\/\\\/www.ecosurface.co.uk\\\/wp-content\\\/uploads\\\/2018\\\/02\\\/Ecosurface-logo.gif\",\"width\":400,\"height\":150,\"caption\":\"EcoSurface\"},\"image\":{\"@id\":\"https:\\\/\\\/www.ecosurface.co.uk\\\/#\\\/schema\\\/logo\\\/image\\\/\"}}]}<\/script>\n<!-- \/ Yoast SEO plugin. -->","yoast_head_json":{"title":"T\u00e9l\u00e9chargements","robots":{"index":"index","follow":"follow","max-snippet":"max-snippet:-1","max-image-preview":"max-image-preview:large","max-video-preview":"max-video-preview:-1"},"canonical":"https:\/\/www.ecosurface.co.uk\/fr\/downloads\/","og_locale":"fr_FR","og_type":"article","og_title":"Downloads","og_description":"Rubber mulch material comparison chart PDF Green credentials PDF Ecobond tested performance PDF Gummibond warranty PDF Ecobond colour options PDF Ecobond two colour mixes PDF Just Mulch colour options PDF Ecosurface ProBasePad information PDF","og_url":"https:\/\/www.ecosurface.co.uk\/fr\/downloads\/","og_site_name":"EcoSurface","article_modified_time":"2026-03-24T15:32:06+00:00","twitter_card":"summary_large_image","twitter_misc":{"Dur\u00e9e de lecture estim\u00e9e":"1 minute"},"schema":{"@context":"https:\/\/schema.org","@graph":[{"@type":"WebPage","@id":"https:\/\/www.ecosurface.co.uk\/downloads\/","url":"https:\/\/www.ecosurface.co.uk\/downloads\/","name":"T\u00e9l\u00e9chargements","isPartOf":{"@id":"https:\/\/www.ecosurface.co.uk\/#website"},"datePublished":"2018-06-07T09:11:31+00:00","dateModified":"2026-03-24T15:32:06+00:00","breadcrumb":{"@id":"https:\/\/www.ecosurface.co.uk\/downloads\/#breadcrumb"},"inLanguage":"fr-FR","potentialAction":[{"@type":"ReadAction","target":["https:\/\/www.ecosurface.co.uk\/downloads\/"]}]},{"@type":"BreadcrumbList","@id":"https:\/\/www.ecosurface.co.uk\/downloads\/#breadcrumb","itemListElement":[{"@type":"ListItem","position":1,"name":"Home","item":"https:\/\/www.ecosurface.co.uk\/"},{"@type":"ListItem","position":2,"name":"Downloads"}]},{"@type":"WebSite","@id":"https:\/\/www.ecosurface.co.uk\/#website","url":"https:\/\/www.ecosurface.co.uk\/","name":"EcoSurface","description":"","publisher":{"@id":"https:\/\/www.ecosurface.co.uk\/#organization"},"potentialAction":[{"@type":"SearchAction","target":{"@type":"EntryPoint","urlTemplate":"https:\/\/www.ecosurface.co.uk\/?s={search_term_string}"},"query-input":{"@type":"PropertyValueSpecification","valueRequired":true,"valueName":"search_term_string"}}],"inLanguage":"fr-FR"},{"@type":"Organization","@id":"https:\/\/www.ecosurface.co.uk\/#organization","name":"EcoSurface","url":"https:\/\/www.ecosurface.co.uk\/","logo":{"@type":"ImageObject","inLanguage":"fr-FR","@id":"https:\/\/www.ecosurface.co.uk\/#\/schema\/logo\/image\/","url":"https:\/\/www.ecosurface.co.uk\/wp-content\/uploads\/2018\/02\/Ecosurface-logo.gif","contentUrl":"https:\/\/www.ecosurface.co.uk\/wp-content\/uploads\/2018\/02\/Ecosurface-logo.gif","width":400,"height":150,"caption":"EcoSurface"},"image":{"@id":"https:\/\/www.ecosurface.co.uk\/#\/schema\/logo\/image\/"}}]}},"_links":{"self":[{"href":"https:\/\/www.ecosurface.co.uk\/fr\/wp-json\/wp\/v2\/pages\/5671","targetHints":{"allow":["GET"]}}],"collection":[{"href":"https:\/\/www.ecosurface.co.uk\/fr\/wp-json\/wp\/v2\/pages"}],"about":[{"href":"https:\/\/www.ecosurface.co.uk\/fr\/wp-json\/wp\/v2\/types\/page"}],"author":[{"embeddable":true,"href":"https:\/\/www.ecosurface.co.uk\/fr\/wp-json\/wp\/v2\/users\/2"}],"replies":[{"embeddable":true,"href":"https:\/\/www.ecosurface.co.uk\/fr\/wp-json\/wp\/v2\/comments?post=5671"}],"version-history":[{"count":30,"href":"https:\/\/www.ecosurface.co.uk\/fr\/wp-json\/wp\/v2\/pages\/5671\/revisions"}],"predecessor-version":[{"id":36101,"href":"https:\/\/www.ecosurface.co.uk\/fr\/wp-json\/wp\/v2\/pages\/5671\/revisions\/36101"}],"wp:attachment":[{"href":"https:\/\/www.ecosurface.co.uk\/fr\/wp-json\/wp\/v2\/media?parent=5671"}],"curies":[{"name":"wp","href":"https:\/\/api.w.org\/{rel}","templated":true}]}}