





{"id":23637,"date":"2021-07-12T13:23:48","date_gmt":"2021-07-12T12:23:48","guid":{"rendered":"https:\/\/www.ecosurface.co.uk\/?page_id=23637"},"modified":"2021-07-12T14:16:53","modified_gmt":"2021-07-12T13:16:53","slug":"disabled-accessibility-and-all-inclusive-facilities","status":"publish","type":"page","link":"https:\/\/www.ecosurface.co.uk\/fr\/disabled-accessibility-and-all-inclusive-facilities\/","title":{"rendered":"Accessibilit\u00e9 aux personnes handicap\u00e9es et installations pour tous"},"content":{"rendered":"<div class=\"\">\n<div class=\"row text-center\">\n<div class=\"section-title-col\" data-type=\"column\">\n<p class=\"lead\">Gr\u00e2ce \u00e0 nos m\u00e9thodes d'installation dans le sol \u00e0 des angles approuv\u00e9s et \u00e0 l'absence de bordures de confinement, l'ensemble de la zone peut \u00eatre approch\u00e9 de n'importe quelle direction. Nous produisons le seul mat\u00e9riau test\u00e9 et adapt\u00e9 \u00e0 la marche \u00e0 quatre pattes et \u00e0 la manipulation dans les zones critiques telles que les jardins sensoriels. Les \u00e9quipements \u00e0 roulettes et les jouets peuvent facilement \u00eatre utilis\u00e9s sur la surface antid\u00e9rapante finie, tandis qu'elle fournira \u00e9galement un atterrissage en douceur pour les chutes mineures. Nous offrons des prix pr\u00e9f\u00e9rentiels aux organisations caritatives et aux bonnes causes.<\/p>\n<h4 style=\"text-align: center;\"><a href=\"https:\/\/www.ecosurface.co.uk\/fr\/rubber-mulch\/\">Cliquez pour en savoir plus sur nos syst\u00e8mes de paillage en caoutchouc.<\/a><\/h4>\n<\/div>\n<\/div>\n<div class=\"row\" data-type=\"row\">\n<div class=\"col-xs-12 col-sm-3 no-gutter-col\">\n<div class=\"contentswap-effect\" data-hover-fx=\"portfolio-4\">\n<div class=\"initial-image\"><img decoding=\"async\" src=\"https:\/\/www.ecosurface.co.uk\/wp-content\/uploads\/2021\/07\/disability-1.jpg\" data-size=\"542x360\"><\/div>\n<\/div>\n<\/div>\n<div class=\"col-xs-12 col-sm-3 no-gutter-col\">\n<div class=\"contentswap-effect\" data-hover-fx=\"portfolio-4\">\n<div class=\"initial-image\"><img decoding=\"async\" src=\"https:\/\/www.ecosurface.co.uk\/wp-content\/uploads\/2021\/07\/disability-2.jpg\" data-size=\"542x360\"><\/div>\n<\/div>\n<\/div>\n<div class=\"col-xs-12 col-sm-3 no-gutter-col\">\n<div class=\"contentswap-effect\" data-hover-fx=\"portfolio-4\">\n<div class=\"initial-image\"><img decoding=\"async\" src=\"https:\/\/www.ecosurface.co.uk\/wp-content\/uploads\/2021\/07\/disability-3.jpg\" data-size=\"542x360\"><\/div>\n<\/div>\n<\/div>\n<div class=\"col-xs-12 col-sm-3 no-gutter-col\">\n<div class=\"contentswap-effect\" data-hover-fx=\"portfolio-4\">\n<div class=\"initial-image\"><img decoding=\"async\" src=\"https:\/\/www.ecosurface.co.uk\/wp-content\/uploads\/2021\/07\/disability-4.jpg\" data-size=\"542x360\"><\/div>\n<\/div>\n<\/div>\n<\/div>\n<\/div>","protected":false},"excerpt":{"rendered":"<p>With no need for containment borders and our methods of installing into the ground at approved angles, the complete area is suitable to approach from any direction. We produce the only material that is tested and suitable for crawling and handling in critical areas such as sensory gardens. Wheeled equipment and toys can easily be&hellip; <br \/> <a class=\"read-more\" href=\"https:\/\/www.ecosurface.co.uk\/fr\/disabled-accessibility-and-all-inclusive-facilities\/\">Lire la suite<\/a><\/p>","protected":false},"author":1,"featured_media":0,"parent":0,"menu_order":0,"comment_status":"closed","ping_status":"closed","template":"","meta":{"inline_featured_image":false,"ngg_post_thumbnail":0,"footnotes":""},"class_list":["post-23637","page","type-page","status-publish","hentry"],"yoast_head":"<!-- This site is optimized with the Yoast SEO plugin v27.5 - https:\/\/yoast.com\/product\/yoast-seo-wordpress\/ -->\n<title>Disabled accessibility and all-inclusive facilities<\/title>\n<meta name=\"robots\" content=\"index, follow, max-snippet:-1, max-image-preview:large, max-video-preview:-1\" \/>\n<link rel=\"canonical\" href=\"https:\/\/www.ecosurface.co.uk\/fr\/disabled-accessibility-and-all-inclusive-facilities\/\" \/>\n<meta property=\"og:locale\" content=\"fr_FR\" \/>\n<meta property=\"og:type\" content=\"article\" \/>\n<meta property=\"og:title\" content=\"Disabled accessibility and all-inclusive facilities\" \/>\n<meta property=\"og:description\" content=\"With no need for containment borders and our methods of installing into the ground at approved angles, the complete area is suitable to approach from any direction. We produce the only material that is tested and suitable for crawling and handling in critical areas such as sensory gardens. Wheeled equipment and toys can easily be&hellip; Lire la suite\" \/>\n<meta property=\"og:url\" content=\"https:\/\/www.ecosurface.co.uk\/fr\/disabled-accessibility-and-all-inclusive-facilities\/\" \/>\n<meta property=\"og:site_name\" content=\"EcoSurface\" \/>\n<meta property=\"article:modified_time\" content=\"2021-07-12T13:16:53+00:00\" \/>\n<meta property=\"og:image\" content=\"https:\/\/www.ecosurface.co.uk\/wp-content\/uploads\/2021\/07\/disability-1.jpg\" \/>\n<meta name=\"twitter:card\" content=\"summary_large_image\" \/>\n<script type=\"application\/ld+json\" class=\"yoast-schema-graph\">{\"@context\":\"https:\\\/\\\/schema.org\",\"@graph\":[{\"@type\":\"WebPage\",\"@id\":\"https:\\\/\\\/www.ecosurface.co.uk\\\/disabled-accessibility-and-all-inclusive-facilities\\\/\",\"url\":\"https:\\\/\\\/www.ecosurface.co.uk\\\/disabled-accessibility-and-all-inclusive-facilities\\\/\",\"name\":\"Disabled accessibility and all-inclusive facilities\",\"isPartOf\":{\"@id\":\"https:\\\/\\\/www.ecosurface.co.uk\\\/#website\"},\"primaryImageOfPage\":{\"@id\":\"https:\\\/\\\/www.ecosurface.co.uk\\\/disabled-accessibility-and-all-inclusive-facilities\\\/#primaryimage\"},\"image\":{\"@id\":\"https:\\\/\\\/www.ecosurface.co.uk\\\/disabled-accessibility-and-all-inclusive-facilities\\\/#primaryimage\"},\"thumbnailUrl\":\"https:\\\/\\\/www.ecosurface.co.uk\\\/wp-content\\\/uploads\\\/2021\\\/07\\\/disability-1.jpg\",\"datePublished\":\"2021-07-12T12:23:48+00:00\",\"dateModified\":\"2021-07-12T13:16:53+00:00\",\"breadcrumb\":{\"@id\":\"https:\\\/\\\/www.ecosurface.co.uk\\\/disabled-accessibility-and-all-inclusive-facilities\\\/#breadcrumb\"},\"inLanguage\":\"fr-FR\",\"potentialAction\":[{\"@type\":\"ReadAction\",\"target\":[\"https:\\\/\\\/www.ecosurface.co.uk\\\/disabled-accessibility-and-all-inclusive-facilities\\\/\"]}]},{\"@type\":\"ImageObject\",\"inLanguage\":\"fr-FR\",\"@id\":\"https:\\\/\\\/www.ecosurface.co.uk\\\/disabled-accessibility-and-all-inclusive-facilities\\\/#primaryimage\",\"url\":\"https:\\\/\\\/www.ecosurface.co.uk\\\/wp-content\\\/uploads\\\/2021\\\/07\\\/disability-1.jpg\",\"contentUrl\":\"https:\\\/\\\/www.ecosurface.co.uk\\\/wp-content\\\/uploads\\\/2021\\\/07\\\/disability-1.jpg\"},{\"@type\":\"BreadcrumbList\",\"@id\":\"https:\\\/\\\/www.ecosurface.co.uk\\\/disabled-accessibility-and-all-inclusive-facilities\\\/#breadcrumb\",\"itemListElement\":[{\"@type\":\"ListItem\",\"position\":1,\"name\":\"Home\",\"item\":\"https:\\\/\\\/www.ecosurface.co.uk\\\/\"},{\"@type\":\"ListItem\",\"position\":2,\"name\":\"Disabled accessibility and all-inclusive facilities\"}]},{\"@type\":\"WebSite\",\"@id\":\"https:\\\/\\\/www.ecosurface.co.uk\\\/#website\",\"url\":\"https:\\\/\\\/www.ecosurface.co.uk\\\/\",\"name\":\"EcoSurface\",\"description\":\"\",\"publisher\":{\"@id\":\"https:\\\/\\\/www.ecosurface.co.uk\\\/#organization\"},\"potentialAction\":[{\"@type\":\"SearchAction\",\"target\":{\"@type\":\"EntryPoint\",\"urlTemplate\":\"https:\\\/\\\/www.ecosurface.co.uk\\\/?s={search_term_string}\"},\"query-input\":{\"@type\":\"PropertyValueSpecification\",\"valueRequired\":true,\"valueName\":\"search_term_string\"}}],\"inLanguage\":\"fr-FR\"},{\"@type\":\"Organization\",\"@id\":\"https:\\\/\\\/www.ecosurface.co.uk\\\/#organization\",\"name\":\"EcoSurface\",\"url\":\"https:\\\/\\\/www.ecosurface.co.uk\\\/\",\"logo\":{\"@type\":\"ImageObject\",\"inLanguage\":\"fr-FR\",\"@id\":\"https:\\\/\\\/www.ecosurface.co.uk\\\/#\\\/schema\\\/logo\\\/image\\\/\",\"url\":\"https:\\\/\\\/www.ecosurface.co.uk\\\/wp-content\\\/uploads\\\/2018\\\/02\\\/Ecosurface-logo.gif\",\"contentUrl\":\"https:\\\/\\\/www.ecosurface.co.uk\\\/wp-content\\\/uploads\\\/2018\\\/02\\\/Ecosurface-logo.gif\",\"width\":400,\"height\":150,\"caption\":\"EcoSurface\"},\"image\":{\"@id\":\"https:\\\/\\\/www.ecosurface.co.uk\\\/#\\\/schema\\\/logo\\\/image\\\/\"}}]}<\/script>\n<!-- \/ Yoast SEO plugin. -->","yoast_head_json":{"title":"Accessibilit\u00e9 aux personnes handicap\u00e9es et installations pour tous","robots":{"index":"index","follow":"follow","max-snippet":"max-snippet:-1","max-image-preview":"max-image-preview:large","max-video-preview":"max-video-preview:-1"},"canonical":"https:\/\/www.ecosurface.co.uk\/fr\/disabled-accessibility-and-all-inclusive-facilities\/","og_locale":"fr_FR","og_type":"article","og_title":"Disabled accessibility and all-inclusive facilities","og_description":"With no need for containment borders and our methods of installing into the ground at approved angles, the complete area is suitable to approach from any direction. We produce the only material that is tested and suitable for crawling and handling in critical areas such as sensory gardens. Wheeled equipment and toys can easily be&hellip; Lire la suite","og_url":"https:\/\/www.ecosurface.co.uk\/fr\/disabled-accessibility-and-all-inclusive-facilities\/","og_site_name":"EcoSurface","article_modified_time":"2021-07-12T13:16:53+00:00","og_image":[{"url":"https:\/\/www.ecosurface.co.uk\/wp-content\/uploads\/2021\/07\/disability-1.jpg","type":"","width":"","height":""}],"twitter_card":"summary_large_image","schema":{"@context":"https:\/\/schema.org","@graph":[{"@type":"WebPage","@id":"https:\/\/www.ecosurface.co.uk\/disabled-accessibility-and-all-inclusive-facilities\/","url":"https:\/\/www.ecosurface.co.uk\/disabled-accessibility-and-all-inclusive-facilities\/","name":"Accessibilit\u00e9 aux personnes handicap\u00e9es et installations pour tous","isPartOf":{"@id":"https:\/\/www.ecosurface.co.uk\/#website"},"primaryImageOfPage":{"@id":"https:\/\/www.ecosurface.co.uk\/disabled-accessibility-and-all-inclusive-facilities\/#primaryimage"},"image":{"@id":"https:\/\/www.ecosurface.co.uk\/disabled-accessibility-and-all-inclusive-facilities\/#primaryimage"},"thumbnailUrl":"https:\/\/www.ecosurface.co.uk\/wp-content\/uploads\/2021\/07\/disability-1.jpg","datePublished":"2021-07-12T12:23:48+00:00","dateModified":"2021-07-12T13:16:53+00:00","breadcrumb":{"@id":"https:\/\/www.ecosurface.co.uk\/disabled-accessibility-and-all-inclusive-facilities\/#breadcrumb"},"inLanguage":"fr-FR","potentialAction":[{"@type":"ReadAction","target":["https:\/\/www.ecosurface.co.uk\/disabled-accessibility-and-all-inclusive-facilities\/"]}]},{"@type":"ImageObject","inLanguage":"fr-FR","@id":"https:\/\/www.ecosurface.co.uk\/disabled-accessibility-and-all-inclusive-facilities\/#primaryimage","url":"https:\/\/www.ecosurface.co.uk\/wp-content\/uploads\/2021\/07\/disability-1.jpg","contentUrl":"https:\/\/www.ecosurface.co.uk\/wp-content\/uploads\/2021\/07\/disability-1.jpg"},{"@type":"BreadcrumbList","@id":"https:\/\/www.ecosurface.co.uk\/disabled-accessibility-and-all-inclusive-facilities\/#breadcrumb","itemListElement":[{"@type":"ListItem","position":1,"name":"Home","item":"https:\/\/www.ecosurface.co.uk\/"},{"@type":"ListItem","position":2,"name":"Disabled accessibility and all-inclusive facilities"}]},{"@type":"WebSite","@id":"https:\/\/www.ecosurface.co.uk\/#website","url":"https:\/\/www.ecosurface.co.uk\/","name":"EcoSurface","description":"","publisher":{"@id":"https:\/\/www.ecosurface.co.uk\/#organization"},"potentialAction":[{"@type":"SearchAction","target":{"@type":"EntryPoint","urlTemplate":"https:\/\/www.ecosurface.co.uk\/?s={search_term_string}"},"query-input":{"@type":"PropertyValueSpecification","valueRequired":true,"valueName":"search_term_string"}}],"inLanguage":"fr-FR"},{"@type":"Organization","@id":"https:\/\/www.ecosurface.co.uk\/#organization","name":"EcoSurface","url":"https:\/\/www.ecosurface.co.uk\/","logo":{"@type":"ImageObject","inLanguage":"fr-FR","@id":"https:\/\/www.ecosurface.co.uk\/#\/schema\/logo\/image\/","url":"https:\/\/www.ecosurface.co.uk\/wp-content\/uploads\/2018\/02\/Ecosurface-logo.gif","contentUrl":"https:\/\/www.ecosurface.co.uk\/wp-content\/uploads\/2018\/02\/Ecosurface-logo.gif","width":400,"height":150,"caption":"EcoSurface"},"image":{"@id":"https:\/\/www.ecosurface.co.uk\/#\/schema\/logo\/image\/"}}]}},"_links":{"self":[{"href":"https:\/\/www.ecosurface.co.uk\/fr\/wp-json\/wp\/v2\/pages\/23637","targetHints":{"allow":["GET"]}}],"collection":[{"href":"https:\/\/www.ecosurface.co.uk\/fr\/wp-json\/wp\/v2\/pages"}],"about":[{"href":"https:\/\/www.ecosurface.co.uk\/fr\/wp-json\/wp\/v2\/types\/page"}],"author":[{"embeddable":true,"href":"https:\/\/www.ecosurface.co.uk\/fr\/wp-json\/wp\/v2\/users\/1"}],"replies":[{"embeddable":true,"href":"https:\/\/www.ecosurface.co.uk\/fr\/wp-json\/wp\/v2\/comments?post=23637"}],"version-history":[{"count":1,"href":"https:\/\/www.ecosurface.co.uk\/fr\/wp-json\/wp\/v2\/pages\/23637\/revisions"}],"predecessor-version":[{"id":23642,"href":"https:\/\/www.ecosurface.co.uk\/fr\/wp-json\/wp\/v2\/pages\/23637\/revisions\/23642"}],"wp:attachment":[{"href":"https:\/\/www.ecosurface.co.uk\/fr\/wp-json\/wp\/v2\/media?parent=23637"}],"curies":[{"name":"wp","href":"https:\/\/api.w.org\/{rel}","templated":true}]}}