





{"id":23618,"date":"2021-07-12T13:25:00","date_gmt":"2021-07-12T12:25:00","guid":{"rendered":"https:\/\/www.ecosurface.co.uk\/?page_id=23618"},"modified":"2021-07-12T13:25:01","modified_gmt":"2021-07-12T12:25:01","slug":"steps","status":"publish","type":"page","link":"https:\/\/www.ecosurface.co.uk\/fr\/steps\/","title":{"rendered":"Marches"},"content":{"rendered":"<div class=\"\">\n<div class=\"row text-center\">\n<div class=\"section-title-col\" data-type=\"column\">\n<p class=\"lead\">Utilis\u00e9 comme surface d'adh\u00e9rence durable, souple et antid\u00e9rapante pour les marches et les descentes de collines et les mont\u00e9es abruptes.<\/p>\n<h4 style=\"text-align: center;\"><a href=\"https:\/\/www.ecosurface.co.uk\/fr\/rubber-mulch\/\">Cliquez pour en savoir plus sur nos syst\u00e8mes de paillage en caoutchouc.<\/a><\/h4>\n<\/div>\n<\/div>\n<div class=\"row\" data-type=\"row\">\n<div class=\"col-xs-12 col-sm-3 no-gutter-col\">\n<div class=\"contentswap-effect\" data-hover-fx=\"portfolio-4\">\n<div class=\"initial-image\"><img decoding=\"async\" src=\"https:\/\/www.ecosurface.co.uk\/wp-content\/uploads\/2021\/07\/steps-2.jpg\" data-size=\"542x360\"><\/div>\n<\/div>\n<\/div>\n<div class=\"col-xs-12 col-sm-3 no-gutter-col\">\n<div class=\"contentswap-effect\" data-hover-fx=\"portfolio-4\">\n<div class=\"initial-image\"><img decoding=\"async\" src=\"https:\/\/www.ecosurface.co.uk\/wp-content\/uploads\/2021\/07\/steps-3.jpg\" data-size=\"542x360\"><\/div>\n<\/div>\n<\/div>\n<div class=\"col-xs-12 col-sm-3 no-gutter-col\">\n<div class=\"contentswap-effect\" data-hover-fx=\"portfolio-4\">\n<div class=\"initial-image\"><img decoding=\"async\" src=\"https:\/\/www.ecosurface.co.uk\/wp-content\/uploads\/2021\/07\/steps-1.jpg\" data-size=\"542x360\"><\/div>\n<\/div>\n<\/div>\n<div class=\"col-xs-12 col-sm-3 no-gutter-col\">\n<div class=\"contentswap-effect\" data-hover-fx=\"portfolio-4\">\n<div class=\"initial-image\"><img decoding=\"async\" src=\"https:\/\/www.ecosurface.co.uk\/wp-content\/uploads\/2021\/07\/steps-4.jpg\" data-size=\"542x360\"><\/div>\n<\/div>\n<\/div>\n<\/div>\n<\/div>","protected":false},"excerpt":{"rendered":"<p>Use as a durable, soft, non-slip, grip surface for steps and alighting hillsides and steep climbs. Click to find out more about our rubber mulch systems<\/p>","protected":false},"author":1,"featured_media":0,"parent":0,"menu_order":0,"comment_status":"closed","ping_status":"closed","template":"","meta":{"inline_featured_image":false,"ngg_post_thumbnail":0,"footnotes":""},"class_list":["post-23618","page","type-page","status-publish","hentry"],"yoast_head":"<!-- This site is optimized with the Yoast SEO plugin v27.5 - https:\/\/yoast.com\/product\/yoast-seo-wordpress\/ -->\n<title>Steps<\/title>\n<meta name=\"robots\" content=\"index, follow, max-snippet:-1, max-image-preview:large, max-video-preview:-1\" \/>\n<link rel=\"canonical\" href=\"https:\/\/www.ecosurface.co.uk\/fr\/steps\/\" \/>\n<meta property=\"og:locale\" content=\"fr_FR\" \/>\n<meta property=\"og:type\" content=\"article\" \/>\n<meta property=\"og:title\" content=\"Steps\" \/>\n<meta property=\"og:description\" content=\"Use as a durable, soft, non-slip, grip surface for steps and alighting hillsides and steep climbs. Click to find out more about our rubber mulch systems\" \/>\n<meta property=\"og:url\" content=\"https:\/\/www.ecosurface.co.uk\/fr\/steps\/\" \/>\n<meta property=\"og:site_name\" content=\"EcoSurface\" \/>\n<meta property=\"article:modified_time\" content=\"2021-07-12T12:25:01+00:00\" \/>\n<meta property=\"og:image\" content=\"https:\/\/www.ecosurface.co.uk\/wp-content\/uploads\/2021\/07\/steps-2.jpg\" \/>\n<meta name=\"twitter:card\" content=\"summary_large_image\" \/>\n<script type=\"application\/ld+json\" class=\"yoast-schema-graph\">{\"@context\":\"https:\\\/\\\/schema.org\",\"@graph\":[{\"@type\":\"WebPage\",\"@id\":\"https:\\\/\\\/www.ecosurface.co.uk\\\/steps\\\/\",\"url\":\"https:\\\/\\\/www.ecosurface.co.uk\\\/steps\\\/\",\"name\":\"Steps\",\"isPartOf\":{\"@id\":\"https:\\\/\\\/www.ecosurface.co.uk\\\/#website\"},\"primaryImageOfPage\":{\"@id\":\"https:\\\/\\\/www.ecosurface.co.uk\\\/steps\\\/#primaryimage\"},\"image\":{\"@id\":\"https:\\\/\\\/www.ecosurface.co.uk\\\/steps\\\/#primaryimage\"},\"thumbnailUrl\":\"https:\\\/\\\/www.ecosurface.co.uk\\\/wp-content\\\/uploads\\\/2021\\\/07\\\/steps-2.jpg\",\"datePublished\":\"2021-07-12T12:25:00+00:00\",\"dateModified\":\"2021-07-12T12:25:01+00:00\",\"breadcrumb\":{\"@id\":\"https:\\\/\\\/www.ecosurface.co.uk\\\/steps\\\/#breadcrumb\"},\"inLanguage\":\"fr-FR\",\"potentialAction\":[{\"@type\":\"ReadAction\",\"target\":[\"https:\\\/\\\/www.ecosurface.co.uk\\\/steps\\\/\"]}]},{\"@type\":\"ImageObject\",\"inLanguage\":\"fr-FR\",\"@id\":\"https:\\\/\\\/www.ecosurface.co.uk\\\/steps\\\/#primaryimage\",\"url\":\"https:\\\/\\\/www.ecosurface.co.uk\\\/wp-content\\\/uploads\\\/2021\\\/07\\\/steps-2.jpg\",\"contentUrl\":\"https:\\\/\\\/www.ecosurface.co.uk\\\/wp-content\\\/uploads\\\/2021\\\/07\\\/steps-2.jpg\"},{\"@type\":\"BreadcrumbList\",\"@id\":\"https:\\\/\\\/www.ecosurface.co.uk\\\/steps\\\/#breadcrumb\",\"itemListElement\":[{\"@type\":\"ListItem\",\"position\":1,\"name\":\"Home\",\"item\":\"https:\\\/\\\/www.ecosurface.co.uk\\\/\"},{\"@type\":\"ListItem\",\"position\":2,\"name\":\"Steps\"}]},{\"@type\":\"WebSite\",\"@id\":\"https:\\\/\\\/www.ecosurface.co.uk\\\/#website\",\"url\":\"https:\\\/\\\/www.ecosurface.co.uk\\\/\",\"name\":\"EcoSurface\",\"description\":\"\",\"publisher\":{\"@id\":\"https:\\\/\\\/www.ecosurface.co.uk\\\/#organization\"},\"potentialAction\":[{\"@type\":\"SearchAction\",\"target\":{\"@type\":\"EntryPoint\",\"urlTemplate\":\"https:\\\/\\\/www.ecosurface.co.uk\\\/?s={search_term_string}\"},\"query-input\":{\"@type\":\"PropertyValueSpecification\",\"valueRequired\":true,\"valueName\":\"search_term_string\"}}],\"inLanguage\":\"fr-FR\"},{\"@type\":\"Organization\",\"@id\":\"https:\\\/\\\/www.ecosurface.co.uk\\\/#organization\",\"name\":\"EcoSurface\",\"url\":\"https:\\\/\\\/www.ecosurface.co.uk\\\/\",\"logo\":{\"@type\":\"ImageObject\",\"inLanguage\":\"fr-FR\",\"@id\":\"https:\\\/\\\/www.ecosurface.co.uk\\\/#\\\/schema\\\/logo\\\/image\\\/\",\"url\":\"https:\\\/\\\/www.ecosurface.co.uk\\\/wp-content\\\/uploads\\\/2018\\\/02\\\/Ecosurface-logo.gif\",\"contentUrl\":\"https:\\\/\\\/www.ecosurface.co.uk\\\/wp-content\\\/uploads\\\/2018\\\/02\\\/Ecosurface-logo.gif\",\"width\":400,\"height\":150,\"caption\":\"EcoSurface\"},\"image\":{\"@id\":\"https:\\\/\\\/www.ecosurface.co.uk\\\/#\\\/schema\\\/logo\\\/image\\\/\"}}]}<\/script>\n<!-- \/ Yoast SEO plugin. -->","yoast_head_json":{"title":"Marches","robots":{"index":"index","follow":"follow","max-snippet":"max-snippet:-1","max-image-preview":"max-image-preview:large","max-video-preview":"max-video-preview:-1"},"canonical":"https:\/\/www.ecosurface.co.uk\/fr\/steps\/","og_locale":"fr_FR","og_type":"article","og_title":"Steps","og_description":"Use as a durable, soft, non-slip, grip surface for steps and alighting hillsides and steep climbs. Click to find out more about our rubber mulch systems","og_url":"https:\/\/www.ecosurface.co.uk\/fr\/steps\/","og_site_name":"EcoSurface","article_modified_time":"2021-07-12T12:25:01+00:00","og_image":[{"url":"https:\/\/www.ecosurface.co.uk\/wp-content\/uploads\/2021\/07\/steps-2.jpg","type":"","width":"","height":""}],"twitter_card":"summary_large_image","schema":{"@context":"https:\/\/schema.org","@graph":[{"@type":"WebPage","@id":"https:\/\/www.ecosurface.co.uk\/steps\/","url":"https:\/\/www.ecosurface.co.uk\/steps\/","name":"Marches","isPartOf":{"@id":"https:\/\/www.ecosurface.co.uk\/#website"},"primaryImageOfPage":{"@id":"https:\/\/www.ecosurface.co.uk\/steps\/#primaryimage"},"image":{"@id":"https:\/\/www.ecosurface.co.uk\/steps\/#primaryimage"},"thumbnailUrl":"https:\/\/www.ecosurface.co.uk\/wp-content\/uploads\/2021\/07\/steps-2.jpg","datePublished":"2021-07-12T12:25:00+00:00","dateModified":"2021-07-12T12:25:01+00:00","breadcrumb":{"@id":"https:\/\/www.ecosurface.co.uk\/steps\/#breadcrumb"},"inLanguage":"fr-FR","potentialAction":[{"@type":"ReadAction","target":["https:\/\/www.ecosurface.co.uk\/steps\/"]}]},{"@type":"ImageObject","inLanguage":"fr-FR","@id":"https:\/\/www.ecosurface.co.uk\/steps\/#primaryimage","url":"https:\/\/www.ecosurface.co.uk\/wp-content\/uploads\/2021\/07\/steps-2.jpg","contentUrl":"https:\/\/www.ecosurface.co.uk\/wp-content\/uploads\/2021\/07\/steps-2.jpg"},{"@type":"BreadcrumbList","@id":"https:\/\/www.ecosurface.co.uk\/steps\/#breadcrumb","itemListElement":[{"@type":"ListItem","position":1,"name":"Home","item":"https:\/\/www.ecosurface.co.uk\/"},{"@type":"ListItem","position":2,"name":"Steps"}]},{"@type":"WebSite","@id":"https:\/\/www.ecosurface.co.uk\/#website","url":"https:\/\/www.ecosurface.co.uk\/","name":"EcoSurface","description":"","publisher":{"@id":"https:\/\/www.ecosurface.co.uk\/#organization"},"potentialAction":[{"@type":"SearchAction","target":{"@type":"EntryPoint","urlTemplate":"https:\/\/www.ecosurface.co.uk\/?s={search_term_string}"},"query-input":{"@type":"PropertyValueSpecification","valueRequired":true,"valueName":"search_term_string"}}],"inLanguage":"fr-FR"},{"@type":"Organization","@id":"https:\/\/www.ecosurface.co.uk\/#organization","name":"EcoSurface","url":"https:\/\/www.ecosurface.co.uk\/","logo":{"@type":"ImageObject","inLanguage":"fr-FR","@id":"https:\/\/www.ecosurface.co.uk\/#\/schema\/logo\/image\/","url":"https:\/\/www.ecosurface.co.uk\/wp-content\/uploads\/2018\/02\/Ecosurface-logo.gif","contentUrl":"https:\/\/www.ecosurface.co.uk\/wp-content\/uploads\/2018\/02\/Ecosurface-logo.gif","width":400,"height":150,"caption":"EcoSurface"},"image":{"@id":"https:\/\/www.ecosurface.co.uk\/#\/schema\/logo\/image\/"}}]}},"_links":{"self":[{"href":"https:\/\/www.ecosurface.co.uk\/fr\/wp-json\/wp\/v2\/pages\/23618","targetHints":{"allow":["GET"]}}],"collection":[{"href":"https:\/\/www.ecosurface.co.uk\/fr\/wp-json\/wp\/v2\/pages"}],"about":[{"href":"https:\/\/www.ecosurface.co.uk\/fr\/wp-json\/wp\/v2\/types\/page"}],"author":[{"embeddable":true,"href":"https:\/\/www.ecosurface.co.uk\/fr\/wp-json\/wp\/v2\/users\/1"}],"replies":[{"embeddable":true,"href":"https:\/\/www.ecosurface.co.uk\/fr\/wp-json\/wp\/v2\/comments?post=23618"}],"version-history":[{"count":3,"href":"https:\/\/www.ecosurface.co.uk\/fr\/wp-json\/wp\/v2\/pages\/23618\/revisions"}],"predecessor-version":[{"id":23630,"href":"https:\/\/www.ecosurface.co.uk\/fr\/wp-json\/wp\/v2\/pages\/23618\/revisions\/23630"}],"wp:attachment":[{"href":"https:\/\/www.ecosurface.co.uk\/fr\/wp-json\/wp\/v2\/media?parent=23618"}],"curies":[{"name":"wp","href":"https:\/\/api.w.org\/{rel}","templated":true}]}}