





{"id":2107,"date":"2018-03-28T09:26:38","date_gmt":"2018-03-28T08:26:38","guid":{"rendered":"http:\/\/www.ecosurface.co.uk\/cookie-policy\/"},"modified":"2023-03-21T10:54:27","modified_gmt":"2023-03-21T10:54:27","slug":"privacy-policy","status":"publish","type":"page","link":"https:\/\/www.ecosurface.co.uk\/fr\/privacy-policy\/","title":{"rendered":"Politique de confidentialit\u00e9"},"content":{"rendered":"<p><strong>Ce site utilise des cookies.<\/strong><\/p>\n<h2>Qu'est-ce qu'un cookie ?<\/h2>\n<p>Les cookies sont de petits fichiers texte plac\u00e9s sur votre ordinateur pour aider le site \u00e0 offrir une meilleure exp\u00e9rience \u00e0 l'utilisateur. En g\u00e9n\u00e9ral, les cookies sont utilis\u00e9s pour conserver les pr\u00e9f\u00e9rences des utilisateurs, stocker des informations pour des \u00e9l\u00e9ments tels que les paniers d'achat et fournir des donn\u00e9es de suivi anonymes \u00e0 des applications tierces telles que Google Analytics. En r\u00e8gle g\u00e9n\u00e9rale, les cookies am\u00e9liorent votre exp\u00e9rience de navigation. Toutefois, il se peut que vous pr\u00e9f\u00e9riez d\u00e9sactiver les cookies sur ce site et sur d'autres. La mani\u00e8re la plus efficace de le faire est de d\u00e9sactiver les cookies dans votre navigateur. Nous vous sugg\u00e9rons de consulter la section d'aide de votre navigateur ou de jeter un coup d'\u0153il au site web \u00ab About Cookies \u00bb qui offre des conseils pour tous les navigateurs modernes. <a href=\"https:\/\/www.aboutcookies.org\">the About Cookies website<\/a> which offers guidance for all modern browsers.<\/p>\n<p>&nbsp;<\/p>\n<h2>Comment utilisons-nous les cookies ?<\/h2>\n<p>Analyse du trafic web - Les donn\u00e9es d'utilisation agr\u00e9g\u00e9es nous aident \u00e0 am\u00e9liorer la structure, la conception, le contenu et les fonctions du site web.<\/p>\n<p>Test du contenu - Certains de nos utilisateurs peuvent voir un contenu ou un design particulier, tandis que d'autres voient quelque chose de diff\u00e9rent. Nous proc\u00e9dons ainsi pour d\u00e9terminer ce qui est le plus efficace et am\u00e9liorer l'exp\u00e9rience de l'utilisateur.<\/p>\n<p>M\u00e9morisation des informations relatives \u00e0 vos pr\u00e9f\u00e9rences - Par exemple, le fait que vous ayez d\u00e9j\u00e0 reconnu et accept\u00e9 notre politique en mati\u00e8re de cookies.<\/p>\n<p>Reconnaissance de votre retour - Nous pouvons utiliser cette connaissance pour afficher un contenu plus pertinent pour un visiteur habituel que pour un nouveau visiteur.<\/p>\n<p>&nbsp;<\/p>\n<h2>Utilisation de nos formulaires de contact<\/h2>\n<p>Lorsque vous remplissez et soumettez un formulaire de contact sur notre site web, vous nous donnez votre accord pour prendre contact avec vous. Les informations que vous nous communiquez ne seront jamais partag\u00e9es avec des tiers.<\/p>\n<p>&nbsp;<\/p>\n<h2>Comment nous g\u00e9rons vos informations<\/h2>\n<p>Nous conserverons toujours vos informations en toute s\u00e9curit\u00e9.<\/p>\n<p>Pour emp\u00eacher toute divulgation ou tout acc\u00e8s non autoris\u00e9 \u00e0 vos informations, nous avons mis en place de solides mesures de s\u00e9curit\u00e9 physiques et \u00e9lectroniques.<\/p>\n<p>Nous suivons \u00e9galement des proc\u00e9dures strictes pour nous assurer que nous travaillons avec toutes les donn\u00e9es personnelles conform\u00e9ment \u00e0 la loi sur la protection des donn\u00e9es de 2018.<\/p>\n<p>&nbsp;<\/p>\n<h2>Cookies de tiers (Google)<\/h2>\n<p>Si vous acceptez tous les cookies (y compris les cookies analytiques), vos donn\u00e9es utilisateur seront partag\u00e9es avec Google. Vous pouvez en savoir plus sur l'utilisation de vos donn\u00e9es par Google en lisant leur politique de confidentialit\u00e9 et leurs conditions ici. <a href=\"https:\/\/policies.google.com\/technologies\/partner-sites\" \"_blank\"=\"\">here<\/a>.<\/p>\n<p>&nbsp;<\/p>\n<p>&nbsp;<\/p>\n<h2>Liens externes<\/h2>\n<p>Il peut arriver que nous \u00e9tablissions un lien avec un autre site. Par exemple, nous pouvons utiliser une vid\u00e9o h\u00e9berg\u00e9e sur Youtube. Nous n'avons aucun contr\u00f4le sur les sites web en dehors du nom de domaine ecosurface.co.uk. Vous devez \u00eatre attentif aux politiques de confidentialit\u00e9 de ces sites particuliers et faire attention aux donn\u00e9es personnelles que vous mettez \u00e0 disposition, o\u00f9 que vous soyez sur Internet.<\/p>\n<p>&nbsp;<\/p>\n<p>&nbsp;<\/p>\n<h2>Pour nous contacter<\/h2>\n<p>Notre adresse postale est la suivante Ecosurface, Walton Moore Ltd, PO Box 475, Bicester, Oxon, OX26 9NQ, UK.<br \/>\nL'adresse du si\u00e8ge de notre soci\u00e9t\u00e9 est la suivante: Ecosurface, Walton Moore Ltd : Ecosurface, Walton Moore Ltd, Penrose House, 67 Hightown Road, Banbury, Oxon, OX16 9BE, UK.<\/p>","protected":false},"excerpt":{"rendered":"<p>This site uses cookies. What are cookies? Cookies are small text files that are placed on your machine to help the site provide a better user experience. In general, cookies are used to retain user preferences, store information for things like shopping baskets, and provide anonymised tracking data to third party applications like Google Analytics.&hellip; <br \/> <a class=\"read-more\" href=\"https:\/\/www.ecosurface.co.uk\/fr\/privacy-policy\/\">Lire la suite<\/a><\/p>","protected":false},"author":1,"featured_media":0,"parent":0,"menu_order":0,"comment_status":"closed","ping_status":"closed","template":"","meta":{"inline_featured_image":false,"ngg_post_thumbnail":0,"footnotes":""},"class_list":["post-2107","page","type-page","status-publish","hentry"],"yoast_head":"<!-- This site is optimized with the Yoast SEO plugin v27.5 - https:\/\/yoast.com\/product\/yoast-seo-wordpress\/ -->\n<title>Privacy Policy<\/title>\n<meta name=\"robots\" content=\"index, follow, max-snippet:-1, max-image-preview:large, max-video-preview:-1\" \/>\n<link rel=\"canonical\" href=\"https:\/\/www.ecosurface.co.uk\/fr\/privacy-policy\/\" \/>\n<meta property=\"og:locale\" content=\"fr_FR\" \/>\n<meta property=\"og:type\" content=\"article\" \/>\n<meta property=\"og:title\" content=\"Privacy Policy\" \/>\n<meta property=\"og:description\" content=\"This site uses cookies. What are cookies? Cookies are small text files that are placed on your machine to help the site provide a better user experience. In general, cookies are used to retain user preferences, store information for things like shopping baskets, and provide anonymised tracking data to third party applications like Google Analytics.&hellip; Lire la suite\" \/>\n<meta property=\"og:url\" content=\"https:\/\/www.ecosurface.co.uk\/fr\/privacy-policy\/\" \/>\n<meta property=\"og:site_name\" content=\"EcoSurface\" \/>\n<meta property=\"article:modified_time\" content=\"2023-03-21T10:54:27+00:00\" \/>\n<meta name=\"twitter:card\" content=\"summary_large_image\" \/>\n<meta name=\"twitter:label1\" content=\"Dur\u00e9e de lecture estim\u00e9e\" \/>\n\t<meta name=\"twitter:data1\" content=\"2 minutes\" \/>\n<script type=\"application\/ld+json\" class=\"yoast-schema-graph\">{\"@context\":\"https:\\\/\\\/schema.org\",\"@graph\":[{\"@type\":\"WebPage\",\"@id\":\"https:\\\/\\\/www.ecosurface.co.uk\\\/privacy-policy\\\/\",\"url\":\"https:\\\/\\\/www.ecosurface.co.uk\\\/privacy-policy\\\/\",\"name\":\"Privacy Policy\",\"isPartOf\":{\"@id\":\"https:\\\/\\\/www.ecosurface.co.uk\\\/#website\"},\"datePublished\":\"2018-03-28T08:26:38+00:00\",\"dateModified\":\"2023-03-21T10:54:27+00:00\",\"breadcrumb\":{\"@id\":\"https:\\\/\\\/www.ecosurface.co.uk\\\/privacy-policy\\\/#breadcrumb\"},\"inLanguage\":\"fr-FR\",\"potentialAction\":[{\"@type\":\"ReadAction\",\"target\":[\"https:\\\/\\\/www.ecosurface.co.uk\\\/privacy-policy\\\/\"]}]},{\"@type\":\"BreadcrumbList\",\"@id\":\"https:\\\/\\\/www.ecosurface.co.uk\\\/privacy-policy\\\/#breadcrumb\",\"itemListElement\":[{\"@type\":\"ListItem\",\"position\":1,\"name\":\"Home\",\"item\":\"https:\\\/\\\/www.ecosurface.co.uk\\\/\"},{\"@type\":\"ListItem\",\"position\":2,\"name\":\"Privacy Policy\"}]},{\"@type\":\"WebSite\",\"@id\":\"https:\\\/\\\/www.ecosurface.co.uk\\\/#website\",\"url\":\"https:\\\/\\\/www.ecosurface.co.uk\\\/\",\"name\":\"EcoSurface\",\"description\":\"\",\"publisher\":{\"@id\":\"https:\\\/\\\/www.ecosurface.co.uk\\\/#organization\"},\"potentialAction\":[{\"@type\":\"SearchAction\",\"target\":{\"@type\":\"EntryPoint\",\"urlTemplate\":\"https:\\\/\\\/www.ecosurface.co.uk\\\/?s={search_term_string}\"},\"query-input\":{\"@type\":\"PropertyValueSpecification\",\"valueRequired\":true,\"valueName\":\"search_term_string\"}}],\"inLanguage\":\"fr-FR\"},{\"@type\":\"Organization\",\"@id\":\"https:\\\/\\\/www.ecosurface.co.uk\\\/#organization\",\"name\":\"EcoSurface\",\"url\":\"https:\\\/\\\/www.ecosurface.co.uk\\\/\",\"logo\":{\"@type\":\"ImageObject\",\"inLanguage\":\"fr-FR\",\"@id\":\"https:\\\/\\\/www.ecosurface.co.uk\\\/#\\\/schema\\\/logo\\\/image\\\/\",\"url\":\"https:\\\/\\\/www.ecosurface.co.uk\\\/wp-content\\\/uploads\\\/2018\\\/02\\\/Ecosurface-logo.gif\",\"contentUrl\":\"https:\\\/\\\/www.ecosurface.co.uk\\\/wp-content\\\/uploads\\\/2018\\\/02\\\/Ecosurface-logo.gif\",\"width\":400,\"height\":150,\"caption\":\"EcoSurface\"},\"image\":{\"@id\":\"https:\\\/\\\/www.ecosurface.co.uk\\\/#\\\/schema\\\/logo\\\/image\\\/\"}}]}<\/script>\n<!-- \/ Yoast SEO plugin. -->","yoast_head_json":{"title":"Politique de confidentialit\u00e9","robots":{"index":"index","follow":"follow","max-snippet":"max-snippet:-1","max-image-preview":"max-image-preview:large","max-video-preview":"max-video-preview:-1"},"canonical":"https:\/\/www.ecosurface.co.uk\/fr\/privacy-policy\/","og_locale":"fr_FR","og_type":"article","og_title":"Privacy Policy","og_description":"This site uses cookies. What are cookies? Cookies are small text files that are placed on your machine to help the site provide a better user experience. In general, cookies are used to retain user preferences, store information for things like shopping baskets, and provide anonymised tracking data to third party applications like Google Analytics.&hellip; Lire la suite","og_url":"https:\/\/www.ecosurface.co.uk\/fr\/privacy-policy\/","og_site_name":"EcoSurface","article_modified_time":"2023-03-21T10:54:27+00:00","twitter_card":"summary_large_image","twitter_misc":{"Dur\u00e9e de lecture estim\u00e9e":"2 minutes"},"schema":{"@context":"https:\/\/schema.org","@graph":[{"@type":"WebPage","@id":"https:\/\/www.ecosurface.co.uk\/privacy-policy\/","url":"https:\/\/www.ecosurface.co.uk\/privacy-policy\/","name":"Politique de confidentialit\u00e9","isPartOf":{"@id":"https:\/\/www.ecosurface.co.uk\/#website"},"datePublished":"2018-03-28T08:26:38+00:00","dateModified":"2023-03-21T10:54:27+00:00","breadcrumb":{"@id":"https:\/\/www.ecosurface.co.uk\/privacy-policy\/#breadcrumb"},"inLanguage":"fr-FR","potentialAction":[{"@type":"ReadAction","target":["https:\/\/www.ecosurface.co.uk\/privacy-policy\/"]}]},{"@type":"BreadcrumbList","@id":"https:\/\/www.ecosurface.co.uk\/privacy-policy\/#breadcrumb","itemListElement":[{"@type":"ListItem","position":1,"name":"Home","item":"https:\/\/www.ecosurface.co.uk\/"},{"@type":"ListItem","position":2,"name":"Privacy Policy"}]},{"@type":"WebSite","@id":"https:\/\/www.ecosurface.co.uk\/#website","url":"https:\/\/www.ecosurface.co.uk\/","name":"EcoSurface","description":"","publisher":{"@id":"https:\/\/www.ecosurface.co.uk\/#organization"},"potentialAction":[{"@type":"SearchAction","target":{"@type":"EntryPoint","urlTemplate":"https:\/\/www.ecosurface.co.uk\/?s={search_term_string}"},"query-input":{"@type":"PropertyValueSpecification","valueRequired":true,"valueName":"search_term_string"}}],"inLanguage":"fr-FR"},{"@type":"Organization","@id":"https:\/\/www.ecosurface.co.uk\/#organization","name":"EcoSurface","url":"https:\/\/www.ecosurface.co.uk\/","logo":{"@type":"ImageObject","inLanguage":"fr-FR","@id":"https:\/\/www.ecosurface.co.uk\/#\/schema\/logo\/image\/","url":"https:\/\/www.ecosurface.co.uk\/wp-content\/uploads\/2018\/02\/Ecosurface-logo.gif","contentUrl":"https:\/\/www.ecosurface.co.uk\/wp-content\/uploads\/2018\/02\/Ecosurface-logo.gif","width":400,"height":150,"caption":"EcoSurface"},"image":{"@id":"https:\/\/www.ecosurface.co.uk\/#\/schema\/logo\/image\/"}}]}},"_links":{"self":[{"href":"https:\/\/www.ecosurface.co.uk\/fr\/wp-json\/wp\/v2\/pages\/2107","targetHints":{"allow":["GET"]}}],"collection":[{"href":"https:\/\/www.ecosurface.co.uk\/fr\/wp-json\/wp\/v2\/pages"}],"about":[{"href":"https:\/\/www.ecosurface.co.uk\/fr\/wp-json\/wp\/v2\/types\/page"}],"author":[{"embeddable":true,"href":"https:\/\/www.ecosurface.co.uk\/fr\/wp-json\/wp\/v2\/users\/1"}],"replies":[{"embeddable":true,"href":"https:\/\/www.ecosurface.co.uk\/fr\/wp-json\/wp\/v2\/comments?post=2107"}],"version-history":[{"count":13,"href":"https:\/\/www.ecosurface.co.uk\/fr\/wp-json\/wp\/v2\/pages\/2107\/revisions"}],"predecessor-version":[{"id":23934,"href":"https:\/\/www.ecosurface.co.uk\/fr\/wp-json\/wp\/v2\/pages\/2107\/revisions\/23934"}],"wp:attachment":[{"href":"https:\/\/www.ecosurface.co.uk\/fr\/wp-json\/wp\/v2\/media?parent=2107"}],"curies":[{"name":"wp","href":"https:\/\/api.w.org\/{rel}","templated":true}]}}