





{"id":1460,"date":"2018-03-01T14:18:59","date_gmt":"2018-03-01T14:18:59","guid":{"rendered":"http:\/\/www.ecosurface.co.uk\/?page_id=1460"},"modified":"2026-03-17T16:13:43","modified_gmt":"2026-03-17T16:13:43","slug":"ordering","status":"publish","type":"page","link":"https:\/\/www.ecosurface.co.uk\/fr\/ordering\/","title":{"rendered":"Commande, emballage et livraison"},"content":{"rendered":"<p>We can accept orders by phone or by email but you will always receive a written order acknowledgement from us (we do not have automated online ordering). Ecosurface is a trading name of Walton Moore Ltd, which is the name that will appear on credit card receipts and bank statements.<\/p>\n<p>Gummibond\u2122 sera propos\u00e9 comme une surface finie garantie, normalement calcul\u00e9e sur la base d'un tarif au m\u00e8tre carr\u00e9 qui inclura la pr\u00e9paration de base du sol, le g\u00e9otextile, les mat\u00e9riaux, l'enl\u00e8vement des d\u00e9chets et la garantie de 5 ans (cliquez ici pour plus de d\u00e9tails). <a href=\"https:\/\/www.ecosurface.co.uk\/fr\/warranty\/\">here<\/a> for more details).<\/p>\n<p>Les ventes de mat\u00e9riaux Ecobond\u2122 et 'Just Mulch\u00ae' pour l'auto-installation seront propos\u00e9es au d\u00e9part de l'usine, pr\u00eates \u00e0 \u00eatre collect\u00e9es, ou nous pouvons organiser le transport par coursier, la livraison \u00e9tant factur\u00e9e au prix co\u00fbtant.<\/p>\n<p>Nous acceptons tous les modes de paiement habituels, y compris l'ouverture de comptes de cr\u00e9dit pour les clients professionnels de bonne foi.<\/p>\n<h2 id=\"pc\">Codes des produits<\/h2>\n<table width=\"0\">\n<tbody>\n<tr>\n<th width=\"175\">Code produit<\/th>\n<th width=\"260\">Description<\/th>\n<th width=\"187\">Unit\u00e9 de vente<\/th>\n<\/tr>\n<tr>\n<td width=\"208\">Gummibond\u2122<\/td>\n<td width=\"406\">Le mat\u00e9riau Gummibond\u2122 est disponible en stock \u00e0 tout moment. Nous pouvons donc g\u00e9n\u00e9ralement r\u00e9pondre tr\u00e8s facilement \u00e0 la plupart des demandes.<\/td>\n<\/tr>\n<tr>\n<td width=\"175\">ECS-Black<\/td>\n<td width=\"260\">Ecobond\u2122 rubber mulch - Noir<\/td>\n<td width=\"187\">sac de 10 kg<\/td>\n<\/tr>\n<tr>\n<td width=\"175\">ECS-Blue<\/td>\n<td width=\"260\">Ecobond\u2122 rubber mulch- Bleu<\/td>\n<td width=\"187\">sac de 10 kg<\/td>\n<\/tr>\n<tr>\n<td width=\"175\">ECS-Brown<\/td>\n<td width=\"260\">Ecobond\u2122 rubber mulch - Brun<\/td>\n<td width=\"187\">sac de 10 kg<\/td>\n<\/tr>\n<tr>\n<td width=\"175\">ECS-Coffee<\/td>\n<td width=\"260\">Ecobond\u2122 rubber mulch - Caf\u00e9<\/td>\n<td width=\"187\">sac de 10 kg<\/td>\n<\/tr>\n<tr>\n<td width=\"175\">ECS-Green<\/td>\n<td width=\"260\">Ecobond\u2122 rubber mulch - Vert<\/td>\n<td width=\"187\">sac de 10 kg<\/td>\n<\/tr>\n<tr>\n<td width=\"175\">ECS-Khaki<\/td>\n<td width=\"260\">Ecobond\u2122 rubber mulch- Khaki<\/td>\n<td width=\"187\">sac de 10 kg<\/td>\n<\/tr>\n<tr>\n<td width=\"175\">ECS-Nature Blend<\/td>\n<td width=\"260\">Ecobond\u2122 rubber mulch \u2013 Nature Blend<\/td>\n<td width=\"187\">sac de 10 kg<\/td>\n<\/tr>\n<tr>\n<td width=\"175\">ECS024\/3<\/td>\n<td width=\"260\">Ecobond\u2122 binder<\/td>\n<td width=\"187\">baril de 25 kg<\/td>\n<\/tr>\n<tr>\n<td width=\"175\">ECS024\/3\/220<\/td>\n<td width=\"260\">Ecobond\u2122 binder<\/td>\n<td width=\"187\">f\u00fbt de 220 kg<\/td>\n<\/tr>\n<tr>\n<td width=\"175\">ECS-primer<\/td>\n<td width=\"260\">Primer<\/td>\n<td width=\"187\">25 kg kegs<\/td>\n<\/tr>\n<tr>\n<td width=\"175\">JM-brown<\/td>\n<td width=\"260\">Just Mulch\u00ae - Rouge<\/td>\n<td width=\"187\">sac de 10 kg<\/td>\n<\/tr>\n<tr>\n<td width=\"175\">JM-green<\/td>\n<td width=\"260\">Just Mulch\u00ae - Vert<\/td>\n<td width=\"187\">sac de 10 kg<\/td>\n<\/tr>\n<tr>\n<td width=\"175\">JM-red<\/td>\n<td width=\"260\">Just Mulch\u00ae &#8211; Khaki<\/td>\n<td width=\"187\">sac de 10 kg<\/td>\n<\/tr>\n<tr>\n<td width=\"175\">ECS-PBP24<\/td>\n<td width=\"260\">Pro Base Pad\u2122 24mm<\/td>\n<td width=\"187\">Palette compl\u00e8te uniquement<\/td>\n<\/tr>\n<tr>\n<td width=\"175\">ECS-PBP38<\/td>\n<td width=\"260\">Pro Base Pad\u2122 38mm<\/td>\n<td width=\"187\">Palette compl\u00e8te uniquement<\/td>\n<\/tr>\n<tr>\n<td width=\"175\">ECS-PBP50<\/td>\n<td width=\"260\">Pro Base Pad\u2122 50mm<\/td>\n<td width=\"187\">Palette compl\u00e8te uniquement<\/td>\n<\/tr>\n<\/tbody>\n<\/table>\n<h2 id=\"lt\">D\u00e9lais de livraison<\/h2>\n<table>\n<tbody>\n<tr>\n<th width=\"208\">Product<\/th>\n<th width=\"406\">Lead time<\/th>\n<\/tr>\n<tr>\n<td width=\"208\">Ecobond\u2122 &#8211; Rubber mulch<\/td>\n<td width=\"406\">Engagement \u00e0 toujours avoir toutes les couleurs standard \u00e0 toutes les p\u00e9riodes de l'ann\u00e9e.<\/td>\n<\/tr>\n<tr>\n<td width=\"208\">Ecobond\u2122 &#8211; Binder<\/td>\n<td width=\"406\">Engagement \u00e0 toujours avoir du stock \u00e0 toutes les p\u00e9riodes de l'ann\u00e9e.<\/td>\n<\/tr>\n<tr>\n<td width=\"208\">Pro Base Pad\u2122<\/td>\n<td width=\"406\">Normalement en stock au Royaume-Uni, mais non garanti<\/td>\n<\/tr>\n<tr>\n<td width=\"208\">Just Mulch\u00ae &#8211; Rubber mulch<\/td>\n<td width=\"406\">Normalement en stock au Royaume-Uni, mais non garanti<\/td>\n<\/tr>\n<\/tbody>\n<\/table>\n<h2 id=\"pad\">Emballage et livraison<\/h2>\n<table>\n<tbody>\n<tr>\n<td width=\"170\">Gummibond\u2122<\/td>\n<td width=\"472\">Votre commande porte sur le nombre de m\u00e8tres carr\u00e9s et non sur une quantit\u00e9 sp\u00e9cifique de mat\u00e9riau. Nous prendrons donc toutes les dispositions n\u00e9cessaires pour que la bonne quantit\u00e9 de mat\u00e9riau soit disponible sur le site en cas de besoin.<\/td>\n<\/tr>\n<\/tbody>\n<\/table>\n<table>\n<tbody>\n<tr>\n<td width=\"170\">Rubber mulch&nbsp;&nbsp;&nbsp;&nbsp;&nbsp;&#8211;&nbsp;&nbsp;&nbsp;&nbsp;&nbsp;&nbsp;&nbsp;&nbsp;&nbsp; Ecobond\u2122-&nbsp;&nbsp;&nbsp;&nbsp;&nbsp;&nbsp;&nbsp;&nbsp;&nbsp; Just Mulch\u00ae<\/td>\n<td width=\"472\">Stored at our distribution centres as a pallet of 100 x 10 kg bags of a single colour.&nbsp;&nbsp;&nbsp;&nbsp;&nbsp;For storage and shipping internally, we use a combination of cardboard outers \/ wooden frames and shrink wrap for containment; but for onward sale they need remain stable through a pallet courier delivery network so although we can repackage to meet any quantity of any combination of colours on the same order, this repackaging may not allow for 100 bags on a pallet.For small orders or residual amounts we may attempt to save you carriage costs and put mulch and binder on the same pallet, however there is no exact combination of when this may be possible so the final number of pallets and therefore the delivery cost will need to be confirmed for each order.<\/td>\n<\/tr>\n<\/tbody>\n<\/table>\n<table>\n<tbody>\n<tr>\n<td width=\"170\">Liant - Liant Ecobond\u2122<\/td>\n<td width=\"472\">Barils de 25 kg pour une manipulation ais\u00e9e - 32 maximum par palette ou f\u00fbts de 220 kg - 4 maximum par palette (\u00e0 noter que les f\u00fbts peuvent n\u00e9cessiter un \u00e9quipement de manutention r\u00e9glement\u00e9 sur le site, et pour la distribution ; un berceau et un robinet (non fournis).<\/td>\n<\/tr>\n<\/tbody>\n<\/table>\n<table>\n<tbody>\n<tr>\n<td width=\"170\">Pro Base Pad\u2122<\/td>\n<td width=\"472\">24mm x 42 per pallet (to cover 67.2 square metres)&nbsp;&nbsp;&nbsp;&nbsp;&nbsp;38mm x 28 per pallet (to cover 50.4 square metres)50mm x 21 per pallet (to cover 37.8 square metres)<\/p>\n<p>Note the pallets are double size.<\/p>\n<p>Note we only ship in full pallet quantities<\/td>\n<\/tr>\n<\/tbody>\n<\/table>\n<div id=\"packing_grid\">\n<div id=\"packing1\">\n<p><a href=\"https:\/\/www.ecosurface.co.uk\/wp-content\/uploads\/2024\/06\/Packing1.jpg\"><img decoding=\"async\" src=\"https:\/\/www.ecosurface.co.uk\/wp-content\/uploads\/2024\/06\/Packing1.jpg\"><\/a><\/p>\n<\/div>\n<div id=\"packing2\">\n<p><a href=\"https:\/\/www.ecosurface.co.uk\/wp-content\/uploads\/2024\/06\/Packing2.jpg\"><img decoding=\"async\" src=\"https:\/\/www.ecosurface.co.uk\/wp-content\/uploads\/2024\/06\/Packing2.jpg\"><\/a><\/p>\n<\/div>\n<\/div>\n<p>&nbsp;<\/p>\n<h2 id=\"rha\">.<\/h2>\n<p>.<\/p>\n<p>.<\/p>\n<h2 id=\"oss\">Stockage sur site<\/h2>\n<p>Une fois la livraison effectu\u00e9e, le caoutchouc ne doit pas \u00eatre mouill\u00e9 (les sacs sont perc\u00e9s de trous d'a\u00e9ration et doivent donc rester \u00e0 l'abri de la pluie, du gel, etc.)<\/p>\n<p>Lorsque le liant est expos\u00e9 \u00e0 l'humidit\u00e9 de l'air, il commence \u00e0 durcir. Nous conseillons donc de garder chaque f\u00fbt scell\u00e9 jusqu'\u00e0 ce qu'il soit utilis\u00e9. Le liant ne doit pas \u00eatre expos\u00e9 \u00e0 des temp\u00e9ratures n\u00e9gatives. Il faut veiller \u00e0 utiliser le liant avant la date de p\u00e9remption imprim\u00e9e sur chaque f\u00fbt. Nos liants ne contiennent aucun solvant et ne n\u00e9cessitent donc aucun transport ou stockage particulier.<\/p>\n<h2 id=\"ie\">Demandes internationales<\/h2>\n<p>Depuis notre base britannique, nous pouvons exp\u00e9dier les produits Ecobond\u2122 et installer la marque Gummibond\u2122 dans tout le Royaume-Uni et le reste de l'Europe.<\/p>\n<p>Nous disposons \u00e9galement de plusieurs entrep\u00f4ts et distributeurs dans toute l'Europe qui peuvent \u00e9galement proposer des services d'installation.<\/p>","protected":false},"excerpt":{"rendered":"<p>We can accept orders by phone or by email but you will always receive a written order acknowledgement from us (we do not have automated online ordering). Ecosurface is a trading name of Walton Moore Ltd, which is the name that will appear on credit card receipts and bank statements. Gummibond\u2122 will be quoted as&hellip; <br \/> <a class=\"read-more\" href=\"https:\/\/www.ecosurface.co.uk\/fr\/ordering\/\">Lire la suite<\/a><\/p>","protected":false},"author":1,"featured_media":0,"parent":0,"menu_order":0,"comment_status":"closed","ping_status":"closed","template":"page-templates\/page-with-right-sidebar.php","meta":{"inline_featured_image":false,"ngg_post_thumbnail":0,"footnotes":""},"class_list":["post-1460","page","type-page","status-publish","hentry"],"yoast_head":"<!-- This site is optimized with the Yoast SEO plugin v27.5 - https:\/\/yoast.com\/product\/yoast-seo-wordpress\/ -->\n<title>Ordering, packing and delivery<\/title>\n<meta name=\"robots\" content=\"index, follow, max-snippet:-1, max-image-preview:large, max-video-preview:-1\" \/>\n<link rel=\"canonical\" href=\"https:\/\/www.ecosurface.co.uk\/fr\/ordering\/\" \/>\n<meta property=\"og:locale\" content=\"fr_FR\" \/>\n<meta property=\"og:type\" content=\"article\" \/>\n<meta property=\"og:title\" content=\"Ordering, packing and delivery\" \/>\n<meta property=\"og:description\" content=\"We can accept orders by phone or by email but you will always receive a written order acknowledgement from us (we do not have automated online ordering). Ecosurface is a trading name of Walton Moore Ltd, which is the name that will appear on credit card receipts and bank statements. Gummibond\u2122 will be quoted as&hellip; Lire la suite\" \/>\n<meta property=\"og:url\" content=\"https:\/\/www.ecosurface.co.uk\/fr\/ordering\/\" \/>\n<meta property=\"og:site_name\" content=\"EcoSurface\" \/>\n<meta property=\"article:modified_time\" content=\"2026-03-17T16:13:43+00:00\" \/>\n<meta property=\"og:image\" content=\"https:\/\/www.ecosurface.co.uk\/wp-content\/uploads\/2024\/06\/Packing1.jpg\" \/>\n<meta name=\"twitter:card\" content=\"summary_large_image\" \/>\n<meta name=\"twitter:label1\" content=\"Dur\u00e9e de lecture estim\u00e9e\" \/>\n\t<meta name=\"twitter:data1\" content=\"5 minutes\" \/>\n<script type=\"application\/ld+json\" class=\"yoast-schema-graph\">{\"@context\":\"https:\\\/\\\/schema.org\",\"@graph\":[{\"@type\":\"WebPage\",\"@id\":\"https:\\\/\\\/www.ecosurface.co.uk\\\/ordering\\\/\",\"url\":\"https:\\\/\\\/www.ecosurface.co.uk\\\/ordering\\\/\",\"name\":\"Ordering, packing and delivery\",\"isPartOf\":{\"@id\":\"https:\\\/\\\/www.ecosurface.co.uk\\\/#website\"},\"primaryImageOfPage\":{\"@id\":\"https:\\\/\\\/www.ecosurface.co.uk\\\/ordering\\\/#primaryimage\"},\"image\":{\"@id\":\"https:\\\/\\\/www.ecosurface.co.uk\\\/ordering\\\/#primaryimage\"},\"thumbnailUrl\":\"https:\\\/\\\/www.ecosurface.co.uk\\\/wp-content\\\/uploads\\\/2024\\\/06\\\/Packing1.jpg\",\"datePublished\":\"2018-03-01T14:18:59+00:00\",\"dateModified\":\"2026-03-17T16:13:43+00:00\",\"breadcrumb\":{\"@id\":\"https:\\\/\\\/www.ecosurface.co.uk\\\/ordering\\\/#breadcrumb\"},\"inLanguage\":\"fr-FR\",\"potentialAction\":[{\"@type\":\"ReadAction\",\"target\":[\"https:\\\/\\\/www.ecosurface.co.uk\\\/ordering\\\/\"]}]},{\"@type\":\"ImageObject\",\"inLanguage\":\"fr-FR\",\"@id\":\"https:\\\/\\\/www.ecosurface.co.uk\\\/ordering\\\/#primaryimage\",\"url\":\"https:\\\/\\\/www.ecosurface.co.uk\\\/wp-content\\\/uploads\\\/2024\\\/06\\\/Packing1.jpg\",\"contentUrl\":\"https:\\\/\\\/www.ecosurface.co.uk\\\/wp-content\\\/uploads\\\/2024\\\/06\\\/Packing1.jpg\"},{\"@type\":\"BreadcrumbList\",\"@id\":\"https:\\\/\\\/www.ecosurface.co.uk\\\/ordering\\\/#breadcrumb\",\"itemListElement\":[{\"@type\":\"ListItem\",\"position\":1,\"name\":\"Home\",\"item\":\"https:\\\/\\\/www.ecosurface.co.uk\\\/\"},{\"@type\":\"ListItem\",\"position\":2,\"name\":\"Ordering, packing and delivery\"}]},{\"@type\":\"WebSite\",\"@id\":\"https:\\\/\\\/www.ecosurface.co.uk\\\/#website\",\"url\":\"https:\\\/\\\/www.ecosurface.co.uk\\\/\",\"name\":\"EcoSurface\",\"description\":\"\",\"publisher\":{\"@id\":\"https:\\\/\\\/www.ecosurface.co.uk\\\/#organization\"},\"potentialAction\":[{\"@type\":\"SearchAction\",\"target\":{\"@type\":\"EntryPoint\",\"urlTemplate\":\"https:\\\/\\\/www.ecosurface.co.uk\\\/?s={search_term_string}\"},\"query-input\":{\"@type\":\"PropertyValueSpecification\",\"valueRequired\":true,\"valueName\":\"search_term_string\"}}],\"inLanguage\":\"fr-FR\"},{\"@type\":\"Organization\",\"@id\":\"https:\\\/\\\/www.ecosurface.co.uk\\\/#organization\",\"name\":\"EcoSurface\",\"url\":\"https:\\\/\\\/www.ecosurface.co.uk\\\/\",\"logo\":{\"@type\":\"ImageObject\",\"inLanguage\":\"fr-FR\",\"@id\":\"https:\\\/\\\/www.ecosurface.co.uk\\\/#\\\/schema\\\/logo\\\/image\\\/\",\"url\":\"https:\\\/\\\/www.ecosurface.co.uk\\\/wp-content\\\/uploads\\\/2018\\\/02\\\/Ecosurface-logo.gif\",\"contentUrl\":\"https:\\\/\\\/www.ecosurface.co.uk\\\/wp-content\\\/uploads\\\/2018\\\/02\\\/Ecosurface-logo.gif\",\"width\":400,\"height\":150,\"caption\":\"EcoSurface\"},\"image\":{\"@id\":\"https:\\\/\\\/www.ecosurface.co.uk\\\/#\\\/schema\\\/logo\\\/image\\\/\"}}]}<\/script>\n<!-- \/ Yoast SEO plugin. -->","yoast_head_json":{"title":"Commande, emballage et livraison","robots":{"index":"index","follow":"follow","max-snippet":"max-snippet:-1","max-image-preview":"max-image-preview:large","max-video-preview":"max-video-preview:-1"},"canonical":"https:\/\/www.ecosurface.co.uk\/fr\/ordering\/","og_locale":"fr_FR","og_type":"article","og_title":"Ordering, packing and delivery","og_description":"We can accept orders by phone or by email but you will always receive a written order acknowledgement from us (we do not have automated online ordering). Ecosurface is a trading name of Walton Moore Ltd, which is the name that will appear on credit card receipts and bank statements. Gummibond\u2122 will be quoted as&hellip; Lire la suite","og_url":"https:\/\/www.ecosurface.co.uk\/fr\/ordering\/","og_site_name":"EcoSurface","article_modified_time":"2026-03-17T16:13:43+00:00","og_image":[{"url":"https:\/\/www.ecosurface.co.uk\/wp-content\/uploads\/2024\/06\/Packing1.jpg","type":"","width":"","height":""}],"twitter_card":"summary_large_image","twitter_misc":{"Dur\u00e9e de lecture estim\u00e9e":"5 minutes"},"schema":{"@context":"https:\/\/schema.org","@graph":[{"@type":"WebPage","@id":"https:\/\/www.ecosurface.co.uk\/ordering\/","url":"https:\/\/www.ecosurface.co.uk\/ordering\/","name":"Commande, emballage et livraison","isPartOf":{"@id":"https:\/\/www.ecosurface.co.uk\/#website"},"primaryImageOfPage":{"@id":"https:\/\/www.ecosurface.co.uk\/ordering\/#primaryimage"},"image":{"@id":"https:\/\/www.ecosurface.co.uk\/ordering\/#primaryimage"},"thumbnailUrl":"https:\/\/www.ecosurface.co.uk\/wp-content\/uploads\/2024\/06\/Packing1.jpg","datePublished":"2018-03-01T14:18:59+00:00","dateModified":"2026-03-17T16:13:43+00:00","breadcrumb":{"@id":"https:\/\/www.ecosurface.co.uk\/ordering\/#breadcrumb"},"inLanguage":"fr-FR","potentialAction":[{"@type":"ReadAction","target":["https:\/\/www.ecosurface.co.uk\/ordering\/"]}]},{"@type":"ImageObject","inLanguage":"fr-FR","@id":"https:\/\/www.ecosurface.co.uk\/ordering\/#primaryimage","url":"https:\/\/www.ecosurface.co.uk\/wp-content\/uploads\/2024\/06\/Packing1.jpg","contentUrl":"https:\/\/www.ecosurface.co.uk\/wp-content\/uploads\/2024\/06\/Packing1.jpg"},{"@type":"BreadcrumbList","@id":"https:\/\/www.ecosurface.co.uk\/ordering\/#breadcrumb","itemListElement":[{"@type":"ListItem","position":1,"name":"Home","item":"https:\/\/www.ecosurface.co.uk\/"},{"@type":"ListItem","position":2,"name":"Ordering, packing and delivery"}]},{"@type":"WebSite","@id":"https:\/\/www.ecosurface.co.uk\/#website","url":"https:\/\/www.ecosurface.co.uk\/","name":"EcoSurface","description":"","publisher":{"@id":"https:\/\/www.ecosurface.co.uk\/#organization"},"potentialAction":[{"@type":"SearchAction","target":{"@type":"EntryPoint","urlTemplate":"https:\/\/www.ecosurface.co.uk\/?s={search_term_string}"},"query-input":{"@type":"PropertyValueSpecification","valueRequired":true,"valueName":"search_term_string"}}],"inLanguage":"fr-FR"},{"@type":"Organization","@id":"https:\/\/www.ecosurface.co.uk\/#organization","name":"EcoSurface","url":"https:\/\/www.ecosurface.co.uk\/","logo":{"@type":"ImageObject","inLanguage":"fr-FR","@id":"https:\/\/www.ecosurface.co.uk\/#\/schema\/logo\/image\/","url":"https:\/\/www.ecosurface.co.uk\/wp-content\/uploads\/2018\/02\/Ecosurface-logo.gif","contentUrl":"https:\/\/www.ecosurface.co.uk\/wp-content\/uploads\/2018\/02\/Ecosurface-logo.gif","width":400,"height":150,"caption":"EcoSurface"},"image":{"@id":"https:\/\/www.ecosurface.co.uk\/#\/schema\/logo\/image\/"}}]}},"_links":{"self":[{"href":"https:\/\/www.ecosurface.co.uk\/fr\/wp-json\/wp\/v2\/pages\/1460","targetHints":{"allow":["GET"]}}],"collection":[{"href":"https:\/\/www.ecosurface.co.uk\/fr\/wp-json\/wp\/v2\/pages"}],"about":[{"href":"https:\/\/www.ecosurface.co.uk\/fr\/wp-json\/wp\/v2\/types\/page"}],"author":[{"embeddable":true,"href":"https:\/\/www.ecosurface.co.uk\/fr\/wp-json\/wp\/v2\/users\/1"}],"replies":[{"embeddable":true,"href":"https:\/\/www.ecosurface.co.uk\/fr\/wp-json\/wp\/v2\/comments?post=1460"}],"version-history":[{"count":59,"href":"https:\/\/www.ecosurface.co.uk\/fr\/wp-json\/wp\/v2\/pages\/1460\/revisions"}],"predecessor-version":[{"id":36070,"href":"https:\/\/www.ecosurface.co.uk\/fr\/wp-json\/wp\/v2\/pages\/1460\/revisions\/36070"}],"wp:attachment":[{"href":"https:\/\/www.ecosurface.co.uk\/fr\/wp-json\/wp\/v2\/media?parent=1460"}],"curies":[{"name":"wp","href":"https:\/\/api.w.org\/{rel}","templated":true}]}}