





{"id":1213,"date":"2018-02-22T13:58:04","date_gmt":"2018-02-22T13:58:04","guid":{"rendered":"http:\/\/www.ecosurface.co.uk\/?page_id=1213"},"modified":"2021-08-25T14:04:48","modified_gmt":"2021-08-25T13:04:48","slug":"pricing-policy","status":"publish","type":"page","link":"https:\/\/www.ecosurface.co.uk\/fr\/pricing-policy\/","title":{"rendered":"Politique de prix"},"content":{"rendered":"<p>Lorsque vous essayez d'\u00e9tablir le prix le plus bas, sachez que l'utilisation du prix d'un sac unitaire n'est pas un moyen fiable de comparer les prix. En effet, les taux de couverture varient en fonction de la taille et de la forme du broyat et de la quantit\u00e9 de morceaux ajout\u00e9e : notre mat\u00e9riau Ecobond\u2122 a une capacit\u00e9 cubique sup\u00e9rieure \u00e0 3 m\u00e8tres cubes par tonne, alors que les gravillons n'ont qu'une capacit\u00e9 cubique d'environ 2 m\u00e8tres cubes - vous devrez donc utiliser un tiers de mat\u00e9riau en plus. Il en va de m\u00eame pour le liant ; alors que nous ne travaillons qu'entre 18 et 20 %, d'autres options peuvent vous amener \u00e0 utiliser 25 \u00e0 30 %.<sup>rd<\/sup> more material.&nbsp;A similar situation with the binder; whilst we only work between 18-20%; with some other options you may end up using 25-30%.<\/p>\n<p>Vous pouvez \u00e9galement prendre en compte la profondeur de caoutchouc n\u00e9cessaire, car notre syst\u00e8me Ecobond\u2122 est normalement pos\u00e9 \u00e0 40 mm ; mais pour obtenir les m\u00eames performances, les concurrents peuvent avoir besoin d'installer \u00e0 80 mm ou plus, ce qui, si construit au-dessus du sol, pourrait interf\u00e9rer avec la fonction ou la s\u00e9curit\u00e9 de l'\u00e9quipement de jeu et \/ ou soulever des co\u00fbts suppl\u00e9mentaires et des probl\u00e8mes de s\u00e9curit\u00e9 associ\u00e9s \u00e0 l'\u00e9rection de bordures sur\u00e9lev\u00e9es. Par ailleurs, le fait de creuser le sol entra\u00eenerait des co\u00fbts suppl\u00e9mentaires en termes de main-d'\u0153uvre et d'\u00e9limination des d\u00e9chets. Il convient donc de prendre en compte le co\u00fbt total du projet et pas seulement le prix unitaire du mat\u00e9riau.<\/p>\n<h2>Visites sur place<\/h2>\n<p>Il est extr\u00eamement rare que nous ayons besoin d'une visite de chantier avant le d\u00e9but des travaux. Nos \u00e9quipes d'installation sont suffisamment exp\u00e9riment\u00e9es pour faire face aux nombreuses variables quotidiennes dans une grande vari\u00e9t\u00e9 d'applications. Il est donc plus courant que nos \u00e9quipes de soutien administratif discutent avec vous des d\u00e9tails dont nous avons besoin pour convenir d'un co\u00fbt qui r\u00e9ponde \u00e0 nos attentes. Nous affecterons ensuite l'\u00e9quipe d'installation la mieux adapt\u00e9e \u00e0 votre sc\u00e9nario.<\/p>\n<h2>Politique de prix de d\u00e9tail<\/h2>\n<ul>\n<li>Nous ne publions pas de prix de d\u00e9tail unique. Appelez-nous pour discuter de vos besoins afin que nous puissions vous offrir le meilleur rapport qualit\u00e9-prix en fonction des nombreuses variables possibles de votre projet sp\u00e9cifique.<\/li>\n<\/ul>\n<h2>Politique de prix pour le commerce<\/h2>\n<p>Nous disposons d'un large \u00e9ventail de politiques de prix commerciaux pr\u00e9f\u00e9rentiels qui peuvent \u00eatre appliqu\u00e9s \u00e0 une vari\u00e9t\u00e9 de mod\u00e8les d'affaires tels que :<\/p>\n<ul>\n<li>Entreprises d'aires de jeux<\/li>\n<li>Entreprises de construction, constructeurs de maisons, architectes et prescripteurs<\/li>\n<li>D\u00e9taillants et revendeurs<\/li>\n<li>\u00c9coles, conseils et autorit\u00e9s locales<\/li>\n<li>Paysagistes commerciaux<\/li>\n<li>Entrepreneurs en rev\u00eatements<\/li>\n<\/ul>\n<p><em>Nous sommes d\u00e9sol\u00e9s, mais il n'est pas possible de r\u00e9pondre aux courriels qui demandent simplement \u00ab combien c'est ? \u00bb. Nous souhaitons toujours nous entretenir en personne afin de bien comprendre le projet avant de recommander la meilleure solution.<\/em><\/p>\n<p>Pour les partenaires commerciaux ayant des demandes permanentes, bien que nous soyons heureux d'\u00e9tablir des devis pour des travaux individuels, nous avons l'habitude d'organiser une r\u00e9union compl\u00e8te pour comprendre le profil probable de vos travaux, puis de les assortir d'engagements et de garanties de notre part, qui peuvent prendre la forme de devis individuels, d'une matrice de prix, de remises sur le volume ou, ce qui est unique, d'un prix fixe pour couvrir tout type de chantier, quelle que soit sa taille et sa situation g\u00e9ographique.<\/p>","protected":false},"excerpt":{"rendered":"<p>When trying to establish the lowest price, then be aware that using a unit bag price is not a reliable way to compare prices. This is because the coverage rates will vary depending on the size and shape of the shred and the amount of chippings added: Our Ecobond\u2122 material has a cubic capacity in&hellip; <br \/> <a class=\"read-more\" href=\"https:\/\/www.ecosurface.co.uk\/fr\/pricing-policy\/\">Lire la suite<\/a><\/p>","protected":false},"author":1,"featured_media":0,"parent":0,"menu_order":0,"comment_status":"closed","ping_status":"closed","template":"","meta":{"inline_featured_image":false,"ngg_post_thumbnail":0,"footnotes":""},"class_list":["post-1213","page","type-page","status-publish","hentry"],"yoast_head":"<!-- This site is optimized with the Yoast SEO plugin v27.5 - https:\/\/yoast.com\/product\/yoast-seo-wordpress\/ -->\n<title>Pricing policy<\/title>\n<meta name=\"robots\" content=\"index, follow, max-snippet:-1, max-image-preview:large, max-video-preview:-1\" \/>\n<link rel=\"canonical\" href=\"https:\/\/www.ecosurface.co.uk\/fr\/pricing-policy\/\" \/>\n<meta property=\"og:locale\" content=\"fr_FR\" \/>\n<meta property=\"og:type\" content=\"article\" \/>\n<meta property=\"og:title\" content=\"Pricing policy\" \/>\n<meta property=\"og:description\" content=\"When trying to establish the lowest price, then be aware that using a unit bag price is not a reliable way to compare prices. This is because the coverage rates will vary depending on the size and shape of the shred and the amount of chippings added: Our Ecobond\u2122 material has a cubic capacity in&hellip; Lire la suite\" \/>\n<meta property=\"og:url\" content=\"https:\/\/www.ecosurface.co.uk\/fr\/pricing-policy\/\" \/>\n<meta property=\"og:site_name\" content=\"EcoSurface\" \/>\n<meta property=\"article:modified_time\" content=\"2021-08-25T13:04:48+00:00\" \/>\n<meta name=\"twitter:card\" content=\"summary_large_image\" \/>\n<meta name=\"twitter:label1\" content=\"Dur\u00e9e de lecture estim\u00e9e\" \/>\n\t<meta name=\"twitter:data1\" content=\"2 minutes\" \/>\n<script type=\"application\/ld+json\" class=\"yoast-schema-graph\">{\"@context\":\"https:\\\/\\\/schema.org\",\"@graph\":[{\"@type\":\"WebPage\",\"@id\":\"https:\\\/\\\/www.ecosurface.co.uk\\\/pricing-policy\\\/\",\"url\":\"https:\\\/\\\/www.ecosurface.co.uk\\\/pricing-policy\\\/\",\"name\":\"Pricing policy\",\"isPartOf\":{\"@id\":\"https:\\\/\\\/www.ecosurface.co.uk\\\/#website\"},\"datePublished\":\"2018-02-22T13:58:04+00:00\",\"dateModified\":\"2021-08-25T13:04:48+00:00\",\"breadcrumb\":{\"@id\":\"https:\\\/\\\/www.ecosurface.co.uk\\\/pricing-policy\\\/#breadcrumb\"},\"inLanguage\":\"fr-FR\",\"potentialAction\":[{\"@type\":\"ReadAction\",\"target\":[\"https:\\\/\\\/www.ecosurface.co.uk\\\/pricing-policy\\\/\"]}]},{\"@type\":\"BreadcrumbList\",\"@id\":\"https:\\\/\\\/www.ecosurface.co.uk\\\/pricing-policy\\\/#breadcrumb\",\"itemListElement\":[{\"@type\":\"ListItem\",\"position\":1,\"name\":\"Home\",\"item\":\"https:\\\/\\\/www.ecosurface.co.uk\\\/\"},{\"@type\":\"ListItem\",\"position\":2,\"name\":\"Pricing policy\"}]},{\"@type\":\"WebSite\",\"@id\":\"https:\\\/\\\/www.ecosurface.co.uk\\\/#website\",\"url\":\"https:\\\/\\\/www.ecosurface.co.uk\\\/\",\"name\":\"EcoSurface\",\"description\":\"\",\"publisher\":{\"@id\":\"https:\\\/\\\/www.ecosurface.co.uk\\\/#organization\"},\"potentialAction\":[{\"@type\":\"SearchAction\",\"target\":{\"@type\":\"EntryPoint\",\"urlTemplate\":\"https:\\\/\\\/www.ecosurface.co.uk\\\/?s={search_term_string}\"},\"query-input\":{\"@type\":\"PropertyValueSpecification\",\"valueRequired\":true,\"valueName\":\"search_term_string\"}}],\"inLanguage\":\"fr-FR\"},{\"@type\":\"Organization\",\"@id\":\"https:\\\/\\\/www.ecosurface.co.uk\\\/#organization\",\"name\":\"EcoSurface\",\"url\":\"https:\\\/\\\/www.ecosurface.co.uk\\\/\",\"logo\":{\"@type\":\"ImageObject\",\"inLanguage\":\"fr-FR\",\"@id\":\"https:\\\/\\\/www.ecosurface.co.uk\\\/#\\\/schema\\\/logo\\\/image\\\/\",\"url\":\"https:\\\/\\\/www.ecosurface.co.uk\\\/wp-content\\\/uploads\\\/2018\\\/02\\\/Ecosurface-logo.gif\",\"contentUrl\":\"https:\\\/\\\/www.ecosurface.co.uk\\\/wp-content\\\/uploads\\\/2018\\\/02\\\/Ecosurface-logo.gif\",\"width\":400,\"height\":150,\"caption\":\"EcoSurface\"},\"image\":{\"@id\":\"https:\\\/\\\/www.ecosurface.co.uk\\\/#\\\/schema\\\/logo\\\/image\\\/\"}}]}<\/script>\n<!-- \/ Yoast SEO plugin. -->","yoast_head_json":{"title":"Politique de prix","robots":{"index":"index","follow":"follow","max-snippet":"max-snippet:-1","max-image-preview":"max-image-preview:large","max-video-preview":"max-video-preview:-1"},"canonical":"https:\/\/www.ecosurface.co.uk\/fr\/pricing-policy\/","og_locale":"fr_FR","og_type":"article","og_title":"Pricing policy","og_description":"When trying to establish the lowest price, then be aware that using a unit bag price is not a reliable way to compare prices. This is because the coverage rates will vary depending on the size and shape of the shred and the amount of chippings added: Our Ecobond\u2122 material has a cubic capacity in&hellip; Lire la suite","og_url":"https:\/\/www.ecosurface.co.uk\/fr\/pricing-policy\/","og_site_name":"EcoSurface","article_modified_time":"2021-08-25T13:04:48+00:00","twitter_card":"summary_large_image","twitter_misc":{"Dur\u00e9e de lecture estim\u00e9e":"2 minutes"},"schema":{"@context":"https:\/\/schema.org","@graph":[{"@type":"WebPage","@id":"https:\/\/www.ecosurface.co.uk\/pricing-policy\/","url":"https:\/\/www.ecosurface.co.uk\/pricing-policy\/","name":"Politique de prix","isPartOf":{"@id":"https:\/\/www.ecosurface.co.uk\/#website"},"datePublished":"2018-02-22T13:58:04+00:00","dateModified":"2021-08-25T13:04:48+00:00","breadcrumb":{"@id":"https:\/\/www.ecosurface.co.uk\/pricing-policy\/#breadcrumb"},"inLanguage":"fr-FR","potentialAction":[{"@type":"ReadAction","target":["https:\/\/www.ecosurface.co.uk\/pricing-policy\/"]}]},{"@type":"BreadcrumbList","@id":"https:\/\/www.ecosurface.co.uk\/pricing-policy\/#breadcrumb","itemListElement":[{"@type":"ListItem","position":1,"name":"Home","item":"https:\/\/www.ecosurface.co.uk\/"},{"@type":"ListItem","position":2,"name":"Pricing policy"}]},{"@type":"WebSite","@id":"https:\/\/www.ecosurface.co.uk\/#website","url":"https:\/\/www.ecosurface.co.uk\/","name":"EcoSurface","description":"","publisher":{"@id":"https:\/\/www.ecosurface.co.uk\/#organization"},"potentialAction":[{"@type":"SearchAction","target":{"@type":"EntryPoint","urlTemplate":"https:\/\/www.ecosurface.co.uk\/?s={search_term_string}"},"query-input":{"@type":"PropertyValueSpecification","valueRequired":true,"valueName":"search_term_string"}}],"inLanguage":"fr-FR"},{"@type":"Organization","@id":"https:\/\/www.ecosurface.co.uk\/#organization","name":"EcoSurface","url":"https:\/\/www.ecosurface.co.uk\/","logo":{"@type":"ImageObject","inLanguage":"fr-FR","@id":"https:\/\/www.ecosurface.co.uk\/#\/schema\/logo\/image\/","url":"https:\/\/www.ecosurface.co.uk\/wp-content\/uploads\/2018\/02\/Ecosurface-logo.gif","contentUrl":"https:\/\/www.ecosurface.co.uk\/wp-content\/uploads\/2018\/02\/Ecosurface-logo.gif","width":400,"height":150,"caption":"EcoSurface"},"image":{"@id":"https:\/\/www.ecosurface.co.uk\/#\/schema\/logo\/image\/"}}]}},"_links":{"self":[{"href":"https:\/\/www.ecosurface.co.uk\/fr\/wp-json\/wp\/v2\/pages\/1213","targetHints":{"allow":["GET"]}}],"collection":[{"href":"https:\/\/www.ecosurface.co.uk\/fr\/wp-json\/wp\/v2\/pages"}],"about":[{"href":"https:\/\/www.ecosurface.co.uk\/fr\/wp-json\/wp\/v2\/types\/page"}],"author":[{"embeddable":true,"href":"https:\/\/www.ecosurface.co.uk\/fr\/wp-json\/wp\/v2\/users\/1"}],"replies":[{"embeddable":true,"href":"https:\/\/www.ecosurface.co.uk\/fr\/wp-json\/wp\/v2\/comments?post=1213"}],"version-history":[{"count":6,"href":"https:\/\/www.ecosurface.co.uk\/fr\/wp-json\/wp\/v2\/pages\/1213\/revisions"}],"predecessor-version":[{"id":23722,"href":"https:\/\/www.ecosurface.co.uk\/fr\/wp-json\/wp\/v2\/pages\/1213\/revisions\/23722"}],"wp:attachment":[{"href":"https:\/\/www.ecosurface.co.uk\/fr\/wp-json\/wp\/v2\/media?parent=1213"}],"curies":[{"name":"wp","href":"https:\/\/api.w.org\/{rel}","templated":true}]}}