





{"id":1911,"date":"2018-03-23T14:54:15","date_gmt":"2018-03-23T14:54:15","guid":{"rendered":"http:\/\/www.ecosurface.co.uk\/?page_id=1911"},"modified":"2022-01-28T15:42:19","modified_gmt":"2022-01-28T15:42:19","slug":"ecosurface-probasepadtm-playground-shock-pads","status":"publish","type":"page","link":"https:\/\/www.ecosurface.co.uk\/es\/ecosurface-probasepadtm-playground-shock-pads\/","title":{"rendered":"Ecosurface Pro Base Pad\u2122 &#8211; playground shock pads"},"content":{"rendered":"<h2 id=\"pd\"><strong>Descripci\u00f3n del producto<\/strong><\/h2>\n<p><img loading=\"lazy\" decoding=\"async\" class=\"alignnone size-full wp-image-1925\" src=\"https:\/\/www.ecosurface.co.uk\/wp-content\/uploads\/2018\/03\/Pro-Base-Pad-1.jpg\" alt=\"\" width=\"838\" height=\"285\" srcset=\"https:\/\/www.ecosurface.co.uk\/wp-content\/uploads\/2018\/03\/Pro-Base-Pad-1.jpg 838w, https:\/\/www.ecosurface.co.uk\/wp-content\/uploads\/2018\/03\/Pro-Base-Pad-1-300x102.jpg 300w, https:\/\/www.ecosurface.co.uk\/wp-content\/uploads\/2018\/03\/Pro-Base-Pad-1-768x261.jpg 768w\" sizes=\"auto, (max-width: 838px) 100vw, 838px\" \/><\/p>\n<p>Ecosurface Pro Base Pad \u2122 es un 100% de polipropileno puro, enclavamiento, almohadilla de absorci\u00f3n de impactos que est\u00e1 dise\u00f1ado para trabajar como una capa de base por debajo del sistema de mantillo unido Ecosurface. Trabajando directamente con el fabricante Ecosurface tienen acuerdos de distribuci\u00f3n exclusivos en el lugar y puede enviar directamente desde las instalaciones con certificaci\u00f3n ISO en Holanda, o nuestro centro de distribuci\u00f3n del Reino Unido.<\/p>\n<p>La esperanza de vida de las Pro Base Pads\u2122 es de m\u00e1s de 25 a\u00f1os, no se descomponen ni degradan con el paso del tiempo y son resistentes a bacterias, hongos y productos qu\u00edmicos. Es 100% libre de plomo, 100% no t\u00f3xico y en el futuro se espera que pueda ser reutilizado o puede ser 100% reciclable en circuito cerrado.<\/p>\n<p>Las almohadillas est\u00e1n dise\u00f1adas espec\u00edficamente para la seguridad en los parques infantiles, y su calidad se controla individualmente para garantizar un rendimiento constante y una seguridad predecible, as\u00ed como un ajuste preciso, independientemente de la temperatura o la edad.<\/p>\n<p>Cada almohadilla tiene una serie de pistones de absorci\u00f3n de impactos en la parte inferior, que tambi\u00e9n ofrecen una excelente capacidad de drenaje vertical y lateral.<\/p>\n<h2 id=\"wtu\"><strong>Cu\u00e1ndo utilizar<\/strong><\/h2>\n<p><img loading=\"lazy\" decoding=\"async\" class=\"alignnone size-full wp-image-1921\" src=\"https:\/\/www.ecosurface.co.uk\/wp-content\/uploads\/2018\/03\/Pro-Base-Pad-6.jpg\" alt=\"\" width=\"150\" height=\"100\"> <img loading=\"lazy\" decoding=\"async\" class=\"alignnone size-full wp-image-1922\" src=\"https:\/\/www.ecosurface.co.uk\/wp-content\/uploads\/2018\/03\/Pro-Base-Pad-5.jpg\" alt=\"\" width=\"150\" height=\"100\"> <img loading=\"lazy\" decoding=\"async\" class=\"alignnone size-full wp-image-1924\" src=\"https:\/\/www.ecosurface.co.uk\/wp-content\/uploads\/2018\/03\/Pro-Base-Pad-4.jpg\" alt=\"\" width=\"150\" height=\"100\"><img loading=\"lazy\" decoding=\"async\" class=\"alignnone size-full wp-image-3118\" src=\"https:\/\/www.ecosurface.co.uk\/wp-content\/uploads\/2018\/04\/PBP-mini-2.png\" alt=\"\" width=\"150\" height=\"100\"> <img loading=\"lazy\" decoding=\"async\" class=\"alignnone size-full wp-image-3117\" src=\"https:\/\/www.ecosurface.co.uk\/wp-content\/uploads\/2018\/04\/PBP-mini-1.png\" alt=\"\" width=\"150\" height=\"100\"><\/p>\n<p>Tenga en cuenta que nuestro sistema de acolchado no necesita ser utilizado con la base de almohadilla - la almohadilla es s\u00f3lo para circunstancias excepcionales.<\/p>\n<p>El consolidado sistema de acolchado de caucho Ecobond\u2122 est\u00e1 dise\u00f1ado para utilizarse directamente sobre c\u00e9sped natural o tierra sin necesidad de cimientos ni capas de base, y se ha probado seg\u00fan los procedimientos EN1177 para cumplir la mayor\u00eda de los requisitos cr\u00edticos de altura de ca\u00edda.<\/p>\n<p>Sin embargo, puede haber ocasiones en las que el mantillo de caucho deba colocarse directamente sobre una base s\u00f3lida, como el hormig\u00f3n. En ese caso, la adici\u00f3n de Pro Base Pad\u2122, como capa de choque bajo la superficie superior elegida, mejorar\u00e1 la protecci\u00f3n contra ca\u00eddas en altura.<\/p>\n<p>Los certificados seg\u00fan la norma EN1177 est\u00e1n disponibles previa solicitud.<\/p>\n<h2 id=\"bc\"><strong>La mejor elecci\u00f3n<\/strong><\/h2>\n<p>En comparaci\u00f3n con otras opciones de capas base, la Pro Base Pad\u2122 permite una instalaci\u00f3n m\u00e1s barata y r\u00e1pida con menos da\u00f1os al entorno natural y en ning\u00fan momento tiene costes de vertido ni consecuencias medioambientales.<\/p>\n<h2 id=\"htu\"><strong>C\u00f3mo utilizar el sistema de amortiguaci\u00f3n Ecosurface Pro Base Pad\u2122.<\/strong><\/h2>\n<p><em>Para mayor claridad, s\u00f3lo utilizamos amortiguadores en muy raras circunstancias, ya que nuestro sistema de mantillo de caucho suele colocarse sin capa de base ni obras en el suelo. No obstante, en caso necesario:<\/em><\/p>\n<p>Las Pro Base Pads\u2122 se instalan directamente sobre el suelo sin necesidad de excavaciones adicionales y, cuando se utilizan con el mantillo de caucho adherido Ecosurface, no requieren materiales para bordes ni bordes definidos.<\/p>\n<p>Las almohadillas no necesitan fijarse a un suelo s\u00f3lido; simplemente se encajan sin necesidad de colas o cintas y se han dise\u00f1ado como un sistema dimensionalmente estable que puede instalarse pr\u00e1cticamente en cualquier condici\u00f3n clim\u00e1tica, e incluyen una disposici\u00f3n de enclavamiento \u00fanica que permite el movimiento t\u00e9rmico incluso una vez instaladas.<\/p>\n<p>Cortar las formas o alrededor de los postes se hace f\u00e1cilmente con un simple cuchillo afilado, por lo que a\u00f1adir\u00e1 muy poco tiempo para crear la cobertura del suelo que est\u00e1 inmediatamente disponible para la cubierta superior de mantillo de caucho Ecosurface.<\/p>\n<p><img loading=\"lazy\" decoding=\"async\" class=\"alignnone wp-image-3324 size-medium\" src=\"https:\/\/www.ecosurface.co.uk\/wp-content\/uploads\/2018\/05\/15-300x225.jpg\" alt=\"\" width=\"300\" height=\"225\"> <img loading=\"lazy\" decoding=\"async\" class=\"alignnone wp-image-3322 size-medium\" src=\"https:\/\/www.ecosurface.co.uk\/wp-content\/uploads\/2018\/05\/13-300x225.jpg\" alt=\"\" width=\"300\" height=\"225\"> <img loading=\"lazy\" decoding=\"async\" class=\"alignnone wp-image-3321 size-medium\" src=\"https:\/\/www.ecosurface.co.uk\/wp-content\/uploads\/2018\/05\/12-300x225.jpg\" alt=\"\" width=\"300\" height=\"225\"> <img loading=\"lazy\" decoding=\"async\" class=\"alignnone wp-image-3320 size-medium\" src=\"https:\/\/www.ecosurface.co.uk\/wp-content\/uploads\/2018\/05\/11-300x224.jpg\" alt=\"\" width=\"300\" height=\"224\"><\/p>\n<p>*Tenga en cuenta que normalmente s\u00f3lo podemos entregarlos en pal\u00e9s completos. Consulte los detalles en nuestra p\u00e1gina Pedidos, embalaje y entrega.<\/p>","protected":false},"excerpt":{"rendered":"<p>Product description Ecosurface Pro Base Pad\u2122 is a 100% pure polypropylene, interlocking, shock absorbing pad that is designed to work as a base layer underneath the Ecosurface bonded mulch system. Working directly with the manufacturer Ecosurface have exclusive distribution arrangements in place and can despatch direct from the ISO-certified facility in Holland, or our UK&hellip; <br \/> <a class=\"read-more\" href=\"https:\/\/www.ecosurface.co.uk\/es\/ecosurface-probasepadtm-playground-shock-pads\/\">Leer m\u00e1s<\/a><\/p>","protected":false},"author":1,"featured_media":0,"parent":0,"menu_order":0,"comment_status":"closed","ping_status":"closed","template":"page-templates\/page-with-right-sidebar.php","meta":{"inline_featured_image":false,"ngg_post_thumbnail":0,"footnotes":""},"class_list":["post-1911","page","type-page","status-publish","hentry"],"yoast_head":"<!-- This site is optimized with the Yoast SEO plugin v27.5 - https:\/\/yoast.com\/product\/yoast-seo-wordpress\/ -->\n<title>Ecosurface Pro Base Pad\u2122 - playground shock pads<\/title>\n<meta name=\"robots\" content=\"index, follow, max-snippet:-1, max-image-preview:large, max-video-preview:-1\" \/>\n<link rel=\"canonical\" href=\"https:\/\/www.ecosurface.co.uk\/es\/ecosurface-probasepadtm-playground-shock-pads\/\" \/>\n<meta property=\"og:locale\" content=\"es_ES\" \/>\n<meta property=\"og:type\" content=\"article\" \/>\n<meta property=\"og:title\" content=\"Ecosurface Pro Base Pad\u2122 - playground shock pads\" \/>\n<meta property=\"og:description\" content=\"Product description Ecosurface Pro Base Pad\u2122 is a 100% pure polypropylene, interlocking, shock absorbing pad that is designed to work as a base layer underneath the Ecosurface bonded mulch system. Working directly with the manufacturer Ecosurface have exclusive distribution arrangements in place and can despatch direct from the ISO-certified facility in Holland, or our UK&hellip; Leer m\u00e1s\" \/>\n<meta property=\"og:url\" content=\"https:\/\/www.ecosurface.co.uk\/es\/ecosurface-probasepadtm-playground-shock-pads\/\" \/>\n<meta property=\"og:site_name\" content=\"EcoSurface\" \/>\n<meta property=\"article:modified_time\" content=\"2022-01-28T15:42:19+00:00\" \/>\n<meta property=\"og:image\" content=\"https:\/\/www.ecosurface.co.uk\/wp-content\/uploads\/2018\/03\/Pro-Base-Pad-1.jpg\" \/>\n<meta name=\"twitter:card\" content=\"summary_large_image\" \/>\n<meta name=\"twitter:label1\" content=\"Tiempo de lectura\" \/>\n\t<meta name=\"twitter:data1\" content=\"2 minutos\" \/>\n<script type=\"application\/ld+json\" class=\"yoast-schema-graph\">{\"@context\":\"https:\\\/\\\/schema.org\",\"@graph\":[{\"@type\":\"WebPage\",\"@id\":\"https:\\\/\\\/www.ecosurface.co.uk\\\/ecosurface-probasepadtm-playground-shock-pads\\\/\",\"url\":\"https:\\\/\\\/www.ecosurface.co.uk\\\/ecosurface-probasepadtm-playground-shock-pads\\\/\",\"name\":\"Ecosurface Pro Base Pad\u2122 - playground shock pads\",\"isPartOf\":{\"@id\":\"https:\\\/\\\/www.ecosurface.co.uk\\\/#website\"},\"primaryImageOfPage\":{\"@id\":\"https:\\\/\\\/www.ecosurface.co.uk\\\/ecosurface-probasepadtm-playground-shock-pads\\\/#primaryimage\"},\"image\":{\"@id\":\"https:\\\/\\\/www.ecosurface.co.uk\\\/ecosurface-probasepadtm-playground-shock-pads\\\/#primaryimage\"},\"thumbnailUrl\":\"https:\\\/\\\/www.ecosurface.co.uk\\\/wp-content\\\/uploads\\\/2018\\\/03\\\/Pro-Base-Pad-1.jpg\",\"datePublished\":\"2018-03-23T14:54:15+00:00\",\"dateModified\":\"2022-01-28T15:42:19+00:00\",\"breadcrumb\":{\"@id\":\"https:\\\/\\\/www.ecosurface.co.uk\\\/ecosurface-probasepadtm-playground-shock-pads\\\/#breadcrumb\"},\"inLanguage\":\"es\",\"potentialAction\":[{\"@type\":\"ReadAction\",\"target\":[\"https:\\\/\\\/www.ecosurface.co.uk\\\/ecosurface-probasepadtm-playground-shock-pads\\\/\"]}]},{\"@type\":\"ImageObject\",\"inLanguage\":\"es\",\"@id\":\"https:\\\/\\\/www.ecosurface.co.uk\\\/ecosurface-probasepadtm-playground-shock-pads\\\/#primaryimage\",\"url\":\"https:\\\/\\\/www.ecosurface.co.uk\\\/wp-content\\\/uploads\\\/2018\\\/03\\\/Pro-Base-Pad-1.jpg\",\"contentUrl\":\"https:\\\/\\\/www.ecosurface.co.uk\\\/wp-content\\\/uploads\\\/2018\\\/03\\\/Pro-Base-Pad-1.jpg\"},{\"@type\":\"BreadcrumbList\",\"@id\":\"https:\\\/\\\/www.ecosurface.co.uk\\\/ecosurface-probasepadtm-playground-shock-pads\\\/#breadcrumb\",\"itemListElement\":[{\"@type\":\"ListItem\",\"position\":1,\"name\":\"Home\",\"item\":\"https:\\\/\\\/www.ecosurface.co.uk\\\/\"},{\"@type\":\"ListItem\",\"position\":2,\"name\":\"Ecosurface Pro Base Pad\u2122 &#8211; playground shock pads\"}]},{\"@type\":\"WebSite\",\"@id\":\"https:\\\/\\\/www.ecosurface.co.uk\\\/#website\",\"url\":\"https:\\\/\\\/www.ecosurface.co.uk\\\/\",\"name\":\"EcoSurface\",\"description\":\"\",\"publisher\":{\"@id\":\"https:\\\/\\\/www.ecosurface.co.uk\\\/#organization\"},\"potentialAction\":[{\"@type\":\"SearchAction\",\"target\":{\"@type\":\"EntryPoint\",\"urlTemplate\":\"https:\\\/\\\/www.ecosurface.co.uk\\\/?s={search_term_string}\"},\"query-input\":{\"@type\":\"PropertyValueSpecification\",\"valueRequired\":true,\"valueName\":\"search_term_string\"}}],\"inLanguage\":\"es\"},{\"@type\":\"Organization\",\"@id\":\"https:\\\/\\\/www.ecosurface.co.uk\\\/#organization\",\"name\":\"EcoSurface\",\"url\":\"https:\\\/\\\/www.ecosurface.co.uk\\\/\",\"logo\":{\"@type\":\"ImageObject\",\"inLanguage\":\"es\",\"@id\":\"https:\\\/\\\/www.ecosurface.co.uk\\\/#\\\/schema\\\/logo\\\/image\\\/\",\"url\":\"https:\\\/\\\/www.ecosurface.co.uk\\\/wp-content\\\/uploads\\\/2018\\\/02\\\/Ecosurface-logo.gif\",\"contentUrl\":\"https:\\\/\\\/www.ecosurface.co.uk\\\/wp-content\\\/uploads\\\/2018\\\/02\\\/Ecosurface-logo.gif\",\"width\":400,\"height\":150,\"caption\":\"EcoSurface\"},\"image\":{\"@id\":\"https:\\\/\\\/www.ecosurface.co.uk\\\/#\\\/schema\\\/logo\\\/image\\\/\"}}]}<\/script>\n<!-- \/ Yoast SEO plugin. -->","yoast_head_json":{"title":"Ecosurface Pro Base Pad\u2122 - playground shock pads","robots":{"index":"index","follow":"follow","max-snippet":"max-snippet:-1","max-image-preview":"max-image-preview:large","max-video-preview":"max-video-preview:-1"},"canonical":"https:\/\/www.ecosurface.co.uk\/es\/ecosurface-probasepadtm-playground-shock-pads\/","og_locale":"es_ES","og_type":"article","og_title":"Ecosurface Pro Base Pad\u2122 - playground shock pads","og_description":"Product description Ecosurface Pro Base Pad\u2122 is a 100% pure polypropylene, interlocking, shock absorbing pad that is designed to work as a base layer underneath the Ecosurface bonded mulch system. Working directly with the manufacturer Ecosurface have exclusive distribution arrangements in place and can despatch direct from the ISO-certified facility in Holland, or our UK&hellip; Leer m\u00e1s","og_url":"https:\/\/www.ecosurface.co.uk\/es\/ecosurface-probasepadtm-playground-shock-pads\/","og_site_name":"EcoSurface","article_modified_time":"2022-01-28T15:42:19+00:00","og_image":[{"url":"https:\/\/www.ecosurface.co.uk\/wp-content\/uploads\/2018\/03\/Pro-Base-Pad-1.jpg","type":"","width":"","height":""}],"twitter_card":"summary_large_image","twitter_misc":{"Tiempo de lectura":"2 minutos"},"schema":{"@context":"https:\/\/schema.org","@graph":[{"@type":"WebPage","@id":"https:\/\/www.ecosurface.co.uk\/ecosurface-probasepadtm-playground-shock-pads\/","url":"https:\/\/www.ecosurface.co.uk\/ecosurface-probasepadtm-playground-shock-pads\/","name":"Ecosurface Pro Base Pad\u2122 - playground shock pads","isPartOf":{"@id":"https:\/\/www.ecosurface.co.uk\/#website"},"primaryImageOfPage":{"@id":"https:\/\/www.ecosurface.co.uk\/ecosurface-probasepadtm-playground-shock-pads\/#primaryimage"},"image":{"@id":"https:\/\/www.ecosurface.co.uk\/ecosurface-probasepadtm-playground-shock-pads\/#primaryimage"},"thumbnailUrl":"https:\/\/www.ecosurface.co.uk\/wp-content\/uploads\/2018\/03\/Pro-Base-Pad-1.jpg","datePublished":"2018-03-23T14:54:15+00:00","dateModified":"2022-01-28T15:42:19+00:00","breadcrumb":{"@id":"https:\/\/www.ecosurface.co.uk\/ecosurface-probasepadtm-playground-shock-pads\/#breadcrumb"},"inLanguage":"es","potentialAction":[{"@type":"ReadAction","target":["https:\/\/www.ecosurface.co.uk\/ecosurface-probasepadtm-playground-shock-pads\/"]}]},{"@type":"ImageObject","inLanguage":"es","@id":"https:\/\/www.ecosurface.co.uk\/ecosurface-probasepadtm-playground-shock-pads\/#primaryimage","url":"https:\/\/www.ecosurface.co.uk\/wp-content\/uploads\/2018\/03\/Pro-Base-Pad-1.jpg","contentUrl":"https:\/\/www.ecosurface.co.uk\/wp-content\/uploads\/2018\/03\/Pro-Base-Pad-1.jpg"},{"@type":"BreadcrumbList","@id":"https:\/\/www.ecosurface.co.uk\/ecosurface-probasepadtm-playground-shock-pads\/#breadcrumb","itemListElement":[{"@type":"ListItem","position":1,"name":"Home","item":"https:\/\/www.ecosurface.co.uk\/"},{"@type":"ListItem","position":2,"name":"Ecosurface Pro Base Pad\u2122 &#8211; playground shock pads"}]},{"@type":"WebSite","@id":"https:\/\/www.ecosurface.co.uk\/#website","url":"https:\/\/www.ecosurface.co.uk\/","name":"EcoSurface","description":"","publisher":{"@id":"https:\/\/www.ecosurface.co.uk\/#organization"},"potentialAction":[{"@type":"SearchAction","target":{"@type":"EntryPoint","urlTemplate":"https:\/\/www.ecosurface.co.uk\/?s={search_term_string}"},"query-input":{"@type":"PropertyValueSpecification","valueRequired":true,"valueName":"search_term_string"}}],"inLanguage":"es"},{"@type":"Organization","@id":"https:\/\/www.ecosurface.co.uk\/#organization","name":"EcoSurface","url":"https:\/\/www.ecosurface.co.uk\/","logo":{"@type":"ImageObject","inLanguage":"es","@id":"https:\/\/www.ecosurface.co.uk\/#\/schema\/logo\/image\/","url":"https:\/\/www.ecosurface.co.uk\/wp-content\/uploads\/2018\/02\/Ecosurface-logo.gif","contentUrl":"https:\/\/www.ecosurface.co.uk\/wp-content\/uploads\/2018\/02\/Ecosurface-logo.gif","width":400,"height":150,"caption":"EcoSurface"},"image":{"@id":"https:\/\/www.ecosurface.co.uk\/#\/schema\/logo\/image\/"}}]}},"_links":{"self":[{"href":"https:\/\/www.ecosurface.co.uk\/es\/wp-json\/wp\/v2\/pages\/1911","targetHints":{"allow":["GET"]}}],"collection":[{"href":"https:\/\/www.ecosurface.co.uk\/es\/wp-json\/wp\/v2\/pages"}],"about":[{"href":"https:\/\/www.ecosurface.co.uk\/es\/wp-json\/wp\/v2\/types\/page"}],"author":[{"embeddable":true,"href":"https:\/\/www.ecosurface.co.uk\/es\/wp-json\/wp\/v2\/users\/1"}],"replies":[{"embeddable":true,"href":"https:\/\/www.ecosurface.co.uk\/es\/wp-json\/wp\/v2\/comments?post=1911"}],"version-history":[{"count":44,"href":"https:\/\/www.ecosurface.co.uk\/es\/wp-json\/wp\/v2\/pages\/1911\/revisions"}],"predecessor-version":[{"id":23810,"href":"https:\/\/www.ecosurface.co.uk\/es\/wp-json\/wp\/v2\/pages\/1911\/revisions\/23810"}],"wp:attachment":[{"href":"https:\/\/www.ecosurface.co.uk\/es\/wp-json\/wp\/v2\/media?parent=1911"}],"curies":[{"name":"wp","href":"https:\/\/api.w.org\/{rel}","templated":true}]}}