





{"id":23624,"date":"2021-07-12T13:24:56","date_gmt":"2021-07-12T12:24:56","guid":{"rendered":"https:\/\/www.ecosurface.co.uk\/?page_id=23624"},"modified":"2026-03-19T16:38:19","modified_gmt":"2026-03-19T16:38:19","slug":"recovering-old-surfacing","status":"publish","type":"page","link":"https:\/\/www.ecosurface.co.uk\/de\/recovering-old-surfacing\/","title":{"rendered":"Wiederherstellung alter Fallschutzb\u00f6den"},"content":{"rendered":"<div class=\"\">\n<div class=\"row text-center\">\n<div class=\"section-title-col\" data-type=\"column\">\n<p class=\"lead\">Eingefallene Grasmatten, L\u00f6cher in EPDM Boden, besch\u00e4digter Kunstrasen, l\u00e4stiger Sand oder alte Rindenfl\u00e4chen k\u00f6nnen oft mit unseren Gummimulchsystemen verlegt werden, ohne dass dem  alten B\u00f6den zuerst entfernt werden muss, wodurch bis zu 50 % der Projektkosten eingespart werden k\u00f6nnen.<\/p>\n<h4 style=\"text-align: center;\"><a href=\"https:\/\/www.ecosurface.co.uk\/de\/rubber-mulch\/\">Klicken Sie hier, um mehr \u00fcber unsere Gummimulchsysteme zu erfahren.<\/a><\/h4>\n<\/div>\n<\/div>\n<div id=\"recovers_grid\">\n<div id=\"recover1\">\n<p>\t<img decoding=\"async\" src=\"https:\/\/www.ecosurface.co.uk\/wp-content\/uploads\/2021\/07\/recovers-2-a.jpg\"><\/p><\/div>\n<div id=\"recover1text\">\n<p>Before<\/p>\n<\/p><\/div>\n<div id=\"recover2\">\n<p>\t<img decoding=\"async\" src=\"https:\/\/www.ecosurface.co.uk\/wp-content\/uploads\/2021\/07\/recovers-2-b.jpg\"><\/p><\/div>\n<div id=\"recover2text\">\n<p>After<\/p>\n<\/p><\/div>\n<div id=\"recover3\">\n<p>\t<img decoding=\"async\" src=\"https:\/\/www.ecosurface.co.uk\/wp-content\/uploads\/2021\/07\/recovers-4-a.jpg\"><\/p><\/div>\n<div id=\"recover3text\">\n<p>Before<\/p>\n<\/p><\/div>\n<div id=\"recover4\">\n<p>\t<img decoding=\"async\" src=\"https:\/\/www.ecosurface.co.uk\/wp-content\/uploads\/2021\/07\/recovers-4-b.jpg\"><\/p><\/div>\n<div id=\"recover4text\">\n<p>After<\/p>\n<\/p><\/div>\n<div id=\"recover5\">\n<p>\t<img decoding=\"async\" src=\"https:\/\/www.ecosurface.co.uk\/wp-content\/uploads\/2021\/07\/recovers-5-a.jpg\"><\/p><\/div>\n<div id=\"recover5text\">\n<p>Before<\/p>\n<\/p><\/div>\n<div id=\"recover6\">\n<p>\t<img decoding=\"async\" src=\"https:\/\/www.ecosurface.co.uk\/wp-content\/uploads\/2021\/07\/recovers-5-b.jpg\"><\/p><\/div>\n<div id=\"recover6text\">\n<p>After<\/p>\n<\/p><\/div>\n<div id=\"recover7\">\n<p>\t<img decoding=\"async\" src=\"https:\/\/www.ecosurface.co.uk\/wp-content\/uploads\/2021\/07\/recovers-3-a.jpg\"><\/p><\/div>\n<div id=\"recover7text\">\n<p>Before<\/p>\n<\/p><\/div>\n<div id=\"recover8\">\n<p>\t<img decoding=\"async\" src=\"https:\/\/www.ecosurface.co.uk\/wp-content\/uploads\/2021\/07\/recovers-3-b.jpg\"><\/p><\/div>\n<div id=\"recover8text\">\n<p>After<\/p>\n<\/p><\/div>\n<\/div>\n<\/div>","protected":false},"excerpt":{"rendered":"<p>Sunken grass mats, holes in wet pour, damaged artificial grass, troublesome sand or old bark areas can often have our rubber mulch systems installed without needing to remove the old surface first, saving up to 50% of the project cost. Click to find out more about our rubber mulch systems Before After Before After Before&hellip; <br \/> <a class=\"read-more\" href=\"https:\/\/www.ecosurface.co.uk\/de\/recovering-old-surfacing\/\">Weiterlesen<\/a><\/p>","protected":false},"author":1,"featured_media":0,"parent":0,"menu_order":0,"comment_status":"closed","ping_status":"closed","template":"","meta":{"inline_featured_image":false,"ngg_post_thumbnail":0,"footnotes":""},"class_list":["post-23624","page","type-page","status-publish","hentry"],"yoast_head":"<!-- This site is optimized with the Yoast SEO plugin v27.5 - https:\/\/yoast.com\/product\/yoast-seo-wordpress\/ -->\n<title>Recovering old surfacing<\/title>\n<meta name=\"robots\" content=\"index, follow, max-snippet:-1, max-image-preview:large, max-video-preview:-1\" \/>\n<link rel=\"canonical\" href=\"https:\/\/www.ecosurface.co.uk\/de\/recovering-old-surfacing\/\" \/>\n<meta property=\"og:locale\" content=\"de_DE\" \/>\n<meta property=\"og:type\" content=\"article\" \/>\n<meta property=\"og:title\" content=\"Recovering old surfacing\" \/>\n<meta property=\"og:description\" content=\"Sunken grass mats, holes in wet pour, damaged artificial grass, troublesome sand or old bark areas can often have our rubber mulch systems installed without needing to remove the old surface first, saving up to 50% of the project cost. Click to find out more about our rubber mulch systems Before After Before After Before&hellip; Weiterlesen\" \/>\n<meta property=\"og:url\" content=\"https:\/\/www.ecosurface.co.uk\/de\/recovering-old-surfacing\/\" \/>\n<meta property=\"og:site_name\" content=\"EcoSurface\" \/>\n<meta property=\"article:modified_time\" content=\"2026-03-19T16:38:19+00:00\" \/>\n<meta property=\"og:image\" content=\"https:\/\/www.ecosurface.co.uk\/wp-content\/uploads\/2021\/07\/recovers-2-a.jpg\" \/>\n<meta name=\"twitter:card\" content=\"summary_large_image\" \/>\n<meta name=\"twitter:label1\" content=\"Gesch\u00e4tzte Lesezeit\" \/>\n\t<meta name=\"twitter:data1\" content=\"2\u00a0Minuten\" \/>\n<script type=\"application\/ld+json\" class=\"yoast-schema-graph\">{\"@context\":\"https:\\\/\\\/schema.org\",\"@graph\":[{\"@type\":\"WebPage\",\"@id\":\"https:\\\/\\\/www.ecosurface.co.uk\\\/recovering-old-surfacing\\\/\",\"url\":\"https:\\\/\\\/www.ecosurface.co.uk\\\/recovering-old-surfacing\\\/\",\"name\":\"Recovering old surfacing\",\"isPartOf\":{\"@id\":\"https:\\\/\\\/www.ecosurface.co.uk\\\/#website\"},\"primaryImageOfPage\":{\"@id\":\"https:\\\/\\\/www.ecosurface.co.uk\\\/recovering-old-surfacing\\\/#primaryimage\"},\"image\":{\"@id\":\"https:\\\/\\\/www.ecosurface.co.uk\\\/recovering-old-surfacing\\\/#primaryimage\"},\"thumbnailUrl\":\"https:\\\/\\\/www.ecosurface.co.uk\\\/wp-content\\\/uploads\\\/2021\\\/07\\\/recovers-2-a.jpg\",\"datePublished\":\"2021-07-12T12:24:56+00:00\",\"dateModified\":\"2026-03-19T16:38:19+00:00\",\"breadcrumb\":{\"@id\":\"https:\\\/\\\/www.ecosurface.co.uk\\\/recovering-old-surfacing\\\/#breadcrumb\"},\"inLanguage\":\"de\",\"potentialAction\":[{\"@type\":\"ReadAction\",\"target\":[\"https:\\\/\\\/www.ecosurface.co.uk\\\/recovering-old-surfacing\\\/\"]}]},{\"@type\":\"ImageObject\",\"inLanguage\":\"de\",\"@id\":\"https:\\\/\\\/www.ecosurface.co.uk\\\/recovering-old-surfacing\\\/#primaryimage\",\"url\":\"https:\\\/\\\/www.ecosurface.co.uk\\\/wp-content\\\/uploads\\\/2021\\\/07\\\/recovers-2-a.jpg\",\"contentUrl\":\"https:\\\/\\\/www.ecosurface.co.uk\\\/wp-content\\\/uploads\\\/2021\\\/07\\\/recovers-2-a.jpg\"},{\"@type\":\"BreadcrumbList\",\"@id\":\"https:\\\/\\\/www.ecosurface.co.uk\\\/recovering-old-surfacing\\\/#breadcrumb\",\"itemListElement\":[{\"@type\":\"ListItem\",\"position\":1,\"name\":\"Home\",\"item\":\"https:\\\/\\\/www.ecosurface.co.uk\\\/\"},{\"@type\":\"ListItem\",\"position\":2,\"name\":\"Recovering old surfacing\"}]},{\"@type\":\"WebSite\",\"@id\":\"https:\\\/\\\/www.ecosurface.co.uk\\\/#website\",\"url\":\"https:\\\/\\\/www.ecosurface.co.uk\\\/\",\"name\":\"EcoSurface\",\"description\":\"\",\"publisher\":{\"@id\":\"https:\\\/\\\/www.ecosurface.co.uk\\\/#organization\"},\"potentialAction\":[{\"@type\":\"SearchAction\",\"target\":{\"@type\":\"EntryPoint\",\"urlTemplate\":\"https:\\\/\\\/www.ecosurface.co.uk\\\/?s={search_term_string}\"},\"query-input\":{\"@type\":\"PropertyValueSpecification\",\"valueRequired\":true,\"valueName\":\"search_term_string\"}}],\"inLanguage\":\"de\"},{\"@type\":\"Organization\",\"@id\":\"https:\\\/\\\/www.ecosurface.co.uk\\\/#organization\",\"name\":\"EcoSurface\",\"url\":\"https:\\\/\\\/www.ecosurface.co.uk\\\/\",\"logo\":{\"@type\":\"ImageObject\",\"inLanguage\":\"de\",\"@id\":\"https:\\\/\\\/www.ecosurface.co.uk\\\/#\\\/schema\\\/logo\\\/image\\\/\",\"url\":\"https:\\\/\\\/www.ecosurface.co.uk\\\/wp-content\\\/uploads\\\/2018\\\/02\\\/Ecosurface-logo.gif\",\"contentUrl\":\"https:\\\/\\\/www.ecosurface.co.uk\\\/wp-content\\\/uploads\\\/2018\\\/02\\\/Ecosurface-logo.gif\",\"width\":400,\"height\":150,\"caption\":\"EcoSurface\"},\"image\":{\"@id\":\"https:\\\/\\\/www.ecosurface.co.uk\\\/#\\\/schema\\\/logo\\\/image\\\/\"}}]}<\/script>\n<!-- \/ Yoast SEO plugin. -->","yoast_head_json":{"title":"Wiederherstellung alter Fallschutzb\u00f6den","robots":{"index":"index","follow":"follow","max-snippet":"max-snippet:-1","max-image-preview":"max-image-preview:large","max-video-preview":"max-video-preview:-1"},"canonical":"https:\/\/www.ecosurface.co.uk\/de\/recovering-old-surfacing\/","og_locale":"de_DE","og_type":"article","og_title":"Recovering old surfacing","og_description":"Sunken grass mats, holes in wet pour, damaged artificial grass, troublesome sand or old bark areas can often have our rubber mulch systems installed without needing to remove the old surface first, saving up to 50% of the project cost. Click to find out more about our rubber mulch systems Before After Before After Before&hellip; Weiterlesen","og_url":"https:\/\/www.ecosurface.co.uk\/de\/recovering-old-surfacing\/","og_site_name":"EcoSurface","article_modified_time":"2026-03-19T16:38:19+00:00","og_image":[{"url":"https:\/\/www.ecosurface.co.uk\/wp-content\/uploads\/2021\/07\/recovers-2-a.jpg","type":"","width":"","height":""}],"twitter_card":"summary_large_image","twitter_misc":{"Gesch\u00e4tzte Lesezeit":"2\u00a0Minuten"},"schema":{"@context":"https:\/\/schema.org","@graph":[{"@type":"WebPage","@id":"https:\/\/www.ecosurface.co.uk\/recovering-old-surfacing\/","url":"https:\/\/www.ecosurface.co.uk\/recovering-old-surfacing\/","name":"Wiederherstellung alter Fallschutzb\u00f6den","isPartOf":{"@id":"https:\/\/www.ecosurface.co.uk\/#website"},"primaryImageOfPage":{"@id":"https:\/\/www.ecosurface.co.uk\/recovering-old-surfacing\/#primaryimage"},"image":{"@id":"https:\/\/www.ecosurface.co.uk\/recovering-old-surfacing\/#primaryimage"},"thumbnailUrl":"https:\/\/www.ecosurface.co.uk\/wp-content\/uploads\/2021\/07\/recovers-2-a.jpg","datePublished":"2021-07-12T12:24:56+00:00","dateModified":"2026-03-19T16:38:19+00:00","breadcrumb":{"@id":"https:\/\/www.ecosurface.co.uk\/recovering-old-surfacing\/#breadcrumb"},"inLanguage":"de","potentialAction":[{"@type":"ReadAction","target":["https:\/\/www.ecosurface.co.uk\/recovering-old-surfacing\/"]}]},{"@type":"ImageObject","inLanguage":"de","@id":"https:\/\/www.ecosurface.co.uk\/recovering-old-surfacing\/#primaryimage","url":"https:\/\/www.ecosurface.co.uk\/wp-content\/uploads\/2021\/07\/recovers-2-a.jpg","contentUrl":"https:\/\/www.ecosurface.co.uk\/wp-content\/uploads\/2021\/07\/recovers-2-a.jpg"},{"@type":"BreadcrumbList","@id":"https:\/\/www.ecosurface.co.uk\/recovering-old-surfacing\/#breadcrumb","itemListElement":[{"@type":"ListItem","position":1,"name":"Home","item":"https:\/\/www.ecosurface.co.uk\/"},{"@type":"ListItem","position":2,"name":"Recovering old surfacing"}]},{"@type":"WebSite","@id":"https:\/\/www.ecosurface.co.uk\/#website","url":"https:\/\/www.ecosurface.co.uk\/","name":"EcoSurface","description":"","publisher":{"@id":"https:\/\/www.ecosurface.co.uk\/#organization"},"potentialAction":[{"@type":"SearchAction","target":{"@type":"EntryPoint","urlTemplate":"https:\/\/www.ecosurface.co.uk\/?s={search_term_string}"},"query-input":{"@type":"PropertyValueSpecification","valueRequired":true,"valueName":"search_term_string"}}],"inLanguage":"de"},{"@type":"Organization","@id":"https:\/\/www.ecosurface.co.uk\/#organization","name":"EcoSurface","url":"https:\/\/www.ecosurface.co.uk\/","logo":{"@type":"ImageObject","inLanguage":"de","@id":"https:\/\/www.ecosurface.co.uk\/#\/schema\/logo\/image\/","url":"https:\/\/www.ecosurface.co.uk\/wp-content\/uploads\/2018\/02\/Ecosurface-logo.gif","contentUrl":"https:\/\/www.ecosurface.co.uk\/wp-content\/uploads\/2018\/02\/Ecosurface-logo.gif","width":400,"height":150,"caption":"EcoSurface"},"image":{"@id":"https:\/\/www.ecosurface.co.uk\/#\/schema\/logo\/image\/"}}]}},"_links":{"self":[{"href":"https:\/\/www.ecosurface.co.uk\/de\/wp-json\/wp\/v2\/pages\/23624","targetHints":{"allow":["GET"]}}],"collection":[{"href":"https:\/\/www.ecosurface.co.uk\/de\/wp-json\/wp\/v2\/pages"}],"about":[{"href":"https:\/\/www.ecosurface.co.uk\/de\/wp-json\/wp\/v2\/types\/page"}],"author":[{"embeddable":true,"href":"https:\/\/www.ecosurface.co.uk\/de\/wp-json\/wp\/v2\/users\/1"}],"replies":[{"embeddable":true,"href":"https:\/\/www.ecosurface.co.uk\/de\/wp-json\/wp\/v2\/comments?post=23624"}],"version-history":[{"count":7,"href":"https:\/\/www.ecosurface.co.uk\/de\/wp-json\/wp\/v2\/pages\/23624\/revisions"}],"predecessor-version":[{"id":36097,"href":"https:\/\/www.ecosurface.co.uk\/de\/wp-json\/wp\/v2\/pages\/23624\/revisions\/36097"}],"wp:attachment":[{"href":"https:\/\/www.ecosurface.co.uk\/de\/wp-json\/wp\/v2\/media?parent=23624"}],"curies":[{"name":"wp","href":"https:\/\/api.w.org\/{rel}","templated":true}]}}