





{"id":23576,"date":"2021-07-12T13:25:05","date_gmt":"2021-07-12T12:25:05","guid":{"rendered":"https:\/\/www.ecosurface.co.uk\/?page_id=23576"},"modified":"2021-07-12T13:25:06","modified_gmt":"2021-07-12T12:25:06","slug":"daily-mile-trim-trails","status":"publish","type":"page","link":"https:\/\/www.ecosurface.co.uk\/de\/daily-mile-trim-trails\/","title":{"rendered":"T\u00e4gliche Lauf- und Trimmpfade"},"content":{"rendered":"<div class=\"\">\n<div class=\"row text-center\">\n<div class=\"section-title-col\" data-type=\"column\">\n<p class=\"lead\">Allwettertauglich, ganzj\u00e4hrig, rutschfest und angenehm unter den F\u00fc\u00dfen, extrem haltbar und f\u00fcr eine hohe t\u00e4gliche Nutzungsfrequenz geeignet. Sehr kosteng\u00fcnstig, da es in der Regel auf dem bereits vorhandenen Boden verlegt werden kann.<\/p>\n<h4 style=\"text-align: center;\"><a href=\"https:\/\/www.ecosurface.co.uk\/de\/rubber-mulch\/\">Klicken Sie hier, um mehr \u00fcber unsere Gummimulchsysteme zu erfahren.<\/a><\/h4>\n<\/div>\n<\/div>\n<div class=\"row\" data-type=\"row\">\n<div class=\"col-xs-12 col-sm-3 no-gutter-col\">\n<div class=\"contentswap-effect\" data-hover-fx=\"portfolio-4\">\n<div class=\"initial-image\"><img decoding=\"async\" src=\"https:\/\/www.ecosurface.co.uk\/wp-content\/uploads\/2021\/07\/daily-mile-1.jpg\" data-size=\"542x360\"><\/div>\n<\/div>\n<\/div>\n<div class=\"col-xs-12 col-sm-3 no-gutter-col\">\n<div class=\"contentswap-effect\" data-hover-fx=\"portfolio-4\">\n<div class=\"initial-image\"><img decoding=\"async\" src=\"https:\/\/www.ecosurface.co.uk\/wp-content\/uploads\/2021\/07\/trim-trail-1.jpg\" data-size=\"542x360\"><\/div>\n<\/div>\n<\/div>\n<div class=\"col-xs-12 col-sm-3 no-gutter-col\">\n<div class=\"contentswap-effect\" data-hover-fx=\"portfolio-4\">\n<div class=\"initial-image\"><img decoding=\"async\" src=\"https:\/\/www.ecosurface.co.uk\/wp-content\/uploads\/2021\/07\/daily-mile-2.jpg\" data-size=\"542x360\"><\/div>\n<\/div>\n<\/div>\n<div class=\"col-xs-12 col-sm-3 no-gutter-col\">\n<div class=\"contentswap-effect\" data-hover-fx=\"portfolio-4\">\n<div class=\"initial-image\"><img decoding=\"async\" src=\"https:\/\/www.ecosurface.co.uk\/wp-content\/uploads\/2021\/07\/trim-trail-2.jpg\" data-size=\"542x360\"><\/div>\n<\/div>\n<\/div>\n<\/div>\n<\/div>","protected":false},"excerpt":{"rendered":"<p>All weather, all year round, non-slip and comfortable underfoot and extremely durable and will cope with high numbers of daily use. Very cost effective as it can usually be laid over whatever ground is already there. Click to find out more about our rubber mulch systems<\/p>","protected":false},"author":1,"featured_media":0,"parent":0,"menu_order":0,"comment_status":"closed","ping_status":"closed","template":"","meta":{"inline_featured_image":false,"ngg_post_thumbnail":0,"footnotes":""},"class_list":["post-23576","page","type-page","status-publish","hentry"],"yoast_head":"<!-- This site is optimized with the Yoast SEO plugin v27.6 - https:\/\/yoast.com\/product\/yoast-seo-wordpress\/ -->\n<title>Daily mile\/trim trails<\/title>\n<meta name=\"robots\" content=\"index, follow, max-snippet:-1, max-image-preview:large, max-video-preview:-1\" \/>\n<link rel=\"canonical\" href=\"https:\/\/www.ecosurface.co.uk\/de\/daily-mile-trim-trails\/\" \/>\n<meta property=\"og:locale\" content=\"de_DE\" \/>\n<meta property=\"og:type\" content=\"article\" \/>\n<meta property=\"og:title\" content=\"Daily mile\/trim trails\" \/>\n<meta property=\"og:description\" content=\"All weather, all year round, non-slip and comfortable underfoot and extremely durable and will cope with high numbers of daily use. Very cost effective as it can usually be laid over whatever ground is already there. Click to find out more about our rubber mulch systems\" \/>\n<meta property=\"og:url\" content=\"https:\/\/www.ecosurface.co.uk\/de\/daily-mile-trim-trails\/\" \/>\n<meta property=\"og:site_name\" content=\"EcoSurface\" \/>\n<meta property=\"article:modified_time\" content=\"2021-07-12T12:25:06+00:00\" \/>\n<meta property=\"og:image\" content=\"https:\/\/www.ecosurface.co.uk\/wp-content\/uploads\/2021\/07\/daily-mile-1.jpg\" \/>\n<meta name=\"twitter:card\" content=\"summary_large_image\" \/>\n<script type=\"application\/ld+json\" class=\"yoast-schema-graph\">{\"@context\":\"https:\\\/\\\/schema.org\",\"@graph\":[{\"@type\":\"WebPage\",\"@id\":\"https:\\\/\\\/www.ecosurface.co.uk\\\/daily-mile-trim-trails\\\/\",\"url\":\"https:\\\/\\\/www.ecosurface.co.uk\\\/daily-mile-trim-trails\\\/\",\"name\":\"Daily mile\\\/trim trails\",\"isPartOf\":{\"@id\":\"https:\\\/\\\/www.ecosurface.co.uk\\\/#website\"},\"primaryImageOfPage\":{\"@id\":\"https:\\\/\\\/www.ecosurface.co.uk\\\/daily-mile-trim-trails\\\/#primaryimage\"},\"image\":{\"@id\":\"https:\\\/\\\/www.ecosurface.co.uk\\\/daily-mile-trim-trails\\\/#primaryimage\"},\"thumbnailUrl\":\"https:\\\/\\\/www.ecosurface.co.uk\\\/wp-content\\\/uploads\\\/2021\\\/07\\\/daily-mile-1.jpg\",\"datePublished\":\"2021-07-12T12:25:05+00:00\",\"dateModified\":\"2021-07-12T12:25:06+00:00\",\"breadcrumb\":{\"@id\":\"https:\\\/\\\/www.ecosurface.co.uk\\\/daily-mile-trim-trails\\\/#breadcrumb\"},\"inLanguage\":\"de\",\"potentialAction\":[{\"@type\":\"ReadAction\",\"target\":[\"https:\\\/\\\/www.ecosurface.co.uk\\\/daily-mile-trim-trails\\\/\"]}]},{\"@type\":\"ImageObject\",\"inLanguage\":\"de\",\"@id\":\"https:\\\/\\\/www.ecosurface.co.uk\\\/daily-mile-trim-trails\\\/#primaryimage\",\"url\":\"https:\\\/\\\/www.ecosurface.co.uk\\\/wp-content\\\/uploads\\\/2021\\\/07\\\/daily-mile-1.jpg\",\"contentUrl\":\"https:\\\/\\\/www.ecosurface.co.uk\\\/wp-content\\\/uploads\\\/2021\\\/07\\\/daily-mile-1.jpg\"},{\"@type\":\"BreadcrumbList\",\"@id\":\"https:\\\/\\\/www.ecosurface.co.uk\\\/daily-mile-trim-trails\\\/#breadcrumb\",\"itemListElement\":[{\"@type\":\"ListItem\",\"position\":1,\"name\":\"Home\",\"item\":\"https:\\\/\\\/www.ecosurface.co.uk\\\/\"},{\"@type\":\"ListItem\",\"position\":2,\"name\":\"Daily mile\\\/trim trails\"}]},{\"@type\":\"WebSite\",\"@id\":\"https:\\\/\\\/www.ecosurface.co.uk\\\/#website\",\"url\":\"https:\\\/\\\/www.ecosurface.co.uk\\\/\",\"name\":\"EcoSurface\",\"description\":\"\",\"publisher\":{\"@id\":\"https:\\\/\\\/www.ecosurface.co.uk\\\/#organization\"},\"potentialAction\":[{\"@type\":\"SearchAction\",\"target\":{\"@type\":\"EntryPoint\",\"urlTemplate\":\"https:\\\/\\\/www.ecosurface.co.uk\\\/?s={search_term_string}\"},\"query-input\":{\"@type\":\"PropertyValueSpecification\",\"valueRequired\":true,\"valueName\":\"search_term_string\"}}],\"inLanguage\":\"de\"},{\"@type\":\"Organization\",\"@id\":\"https:\\\/\\\/www.ecosurface.co.uk\\\/#organization\",\"name\":\"EcoSurface\",\"url\":\"https:\\\/\\\/www.ecosurface.co.uk\\\/\",\"logo\":{\"@type\":\"ImageObject\",\"inLanguage\":\"de\",\"@id\":\"https:\\\/\\\/www.ecosurface.co.uk\\\/#\\\/schema\\\/logo\\\/image\\\/\",\"url\":\"https:\\\/\\\/www.ecosurface.co.uk\\\/wp-content\\\/uploads\\\/2018\\\/02\\\/Ecosurface-logo.gif\",\"contentUrl\":\"https:\\\/\\\/www.ecosurface.co.uk\\\/wp-content\\\/uploads\\\/2018\\\/02\\\/Ecosurface-logo.gif\",\"width\":400,\"height\":150,\"caption\":\"EcoSurface\"},\"image\":{\"@id\":\"https:\\\/\\\/www.ecosurface.co.uk\\\/#\\\/schema\\\/logo\\\/image\\\/\"}}]}<\/script>\n<!-- \/ Yoast SEO plugin. -->","yoast_head_json":{"title":"T\u00e4gliche Lauf- und Trimmpfade","robots":{"index":"index","follow":"follow","max-snippet":"max-snippet:-1","max-image-preview":"max-image-preview:large","max-video-preview":"max-video-preview:-1"},"canonical":"https:\/\/www.ecosurface.co.uk\/de\/daily-mile-trim-trails\/","og_locale":"de_DE","og_type":"article","og_title":"Daily mile\/trim trails","og_description":"All weather, all year round, non-slip and comfortable underfoot and extremely durable and will cope with high numbers of daily use. Very cost effective as it can usually be laid over whatever ground is already there. Click to find out more about our rubber mulch systems","og_url":"https:\/\/www.ecosurface.co.uk\/de\/daily-mile-trim-trails\/","og_site_name":"EcoSurface","article_modified_time":"2021-07-12T12:25:06+00:00","og_image":[{"url":"https:\/\/www.ecosurface.co.uk\/wp-content\/uploads\/2021\/07\/daily-mile-1.jpg","type":"","width":"","height":""}],"twitter_card":"summary_large_image","schema":{"@context":"https:\/\/schema.org","@graph":[{"@type":"WebPage","@id":"https:\/\/www.ecosurface.co.uk\/daily-mile-trim-trails\/","url":"https:\/\/www.ecosurface.co.uk\/daily-mile-trim-trails\/","name":"T\u00e4gliche Lauf- und Trimmpfade","isPartOf":{"@id":"https:\/\/www.ecosurface.co.uk\/#website"},"primaryImageOfPage":{"@id":"https:\/\/www.ecosurface.co.uk\/daily-mile-trim-trails\/#primaryimage"},"image":{"@id":"https:\/\/www.ecosurface.co.uk\/daily-mile-trim-trails\/#primaryimage"},"thumbnailUrl":"https:\/\/www.ecosurface.co.uk\/wp-content\/uploads\/2021\/07\/daily-mile-1.jpg","datePublished":"2021-07-12T12:25:05+00:00","dateModified":"2021-07-12T12:25:06+00:00","breadcrumb":{"@id":"https:\/\/www.ecosurface.co.uk\/daily-mile-trim-trails\/#breadcrumb"},"inLanguage":"de","potentialAction":[{"@type":"ReadAction","target":["https:\/\/www.ecosurface.co.uk\/daily-mile-trim-trails\/"]}]},{"@type":"ImageObject","inLanguage":"de","@id":"https:\/\/www.ecosurface.co.uk\/daily-mile-trim-trails\/#primaryimage","url":"https:\/\/www.ecosurface.co.uk\/wp-content\/uploads\/2021\/07\/daily-mile-1.jpg","contentUrl":"https:\/\/www.ecosurface.co.uk\/wp-content\/uploads\/2021\/07\/daily-mile-1.jpg"},{"@type":"BreadcrumbList","@id":"https:\/\/www.ecosurface.co.uk\/daily-mile-trim-trails\/#breadcrumb","itemListElement":[{"@type":"ListItem","position":1,"name":"Home","item":"https:\/\/www.ecosurface.co.uk\/"},{"@type":"ListItem","position":2,"name":"Daily mile\/trim trails"}]},{"@type":"WebSite","@id":"https:\/\/www.ecosurface.co.uk\/#website","url":"https:\/\/www.ecosurface.co.uk\/","name":"EcoSurface","description":"","publisher":{"@id":"https:\/\/www.ecosurface.co.uk\/#organization"},"potentialAction":[{"@type":"SearchAction","target":{"@type":"EntryPoint","urlTemplate":"https:\/\/www.ecosurface.co.uk\/?s={search_term_string}"},"query-input":{"@type":"PropertyValueSpecification","valueRequired":true,"valueName":"search_term_string"}}],"inLanguage":"de"},{"@type":"Organization","@id":"https:\/\/www.ecosurface.co.uk\/#organization","name":"EcoSurface","url":"https:\/\/www.ecosurface.co.uk\/","logo":{"@type":"ImageObject","inLanguage":"de","@id":"https:\/\/www.ecosurface.co.uk\/#\/schema\/logo\/image\/","url":"https:\/\/www.ecosurface.co.uk\/wp-content\/uploads\/2018\/02\/Ecosurface-logo.gif","contentUrl":"https:\/\/www.ecosurface.co.uk\/wp-content\/uploads\/2018\/02\/Ecosurface-logo.gif","width":400,"height":150,"caption":"EcoSurface"},"image":{"@id":"https:\/\/www.ecosurface.co.uk\/#\/schema\/logo\/image\/"}}]}},"_links":{"self":[{"href":"https:\/\/www.ecosurface.co.uk\/de\/wp-json\/wp\/v2\/pages\/23576","targetHints":{"allow":["GET"]}}],"collection":[{"href":"https:\/\/www.ecosurface.co.uk\/de\/wp-json\/wp\/v2\/pages"}],"about":[{"href":"https:\/\/www.ecosurface.co.uk\/de\/wp-json\/wp\/v2\/types\/page"}],"author":[{"embeddable":true,"href":"https:\/\/www.ecosurface.co.uk\/de\/wp-json\/wp\/v2\/users\/1"}],"replies":[{"embeddable":true,"href":"https:\/\/www.ecosurface.co.uk\/de\/wp-json\/wp\/v2\/comments?post=23576"}],"version-history":[{"count":2,"href":"https:\/\/www.ecosurface.co.uk\/de\/wp-json\/wp\/v2\/pages\/23576\/revisions"}],"predecessor-version":[{"id":23617,"href":"https:\/\/www.ecosurface.co.uk\/de\/wp-json\/wp\/v2\/pages\/23576\/revisions\/23617"}],"wp:attachment":[{"href":"https:\/\/www.ecosurface.co.uk\/de\/wp-json\/wp\/v2\/media?parent=23576"}],"curies":[{"name":"wp","href":"https:\/\/api.w.org\/{rel}","templated":true}]}}