





{"id":2026,"date":"2018-03-26T15:27:20","date_gmt":"2018-03-26T14:27:20","guid":{"rendered":"http:\/\/www.ecosurface.co.uk\/?page_id=2026"},"modified":"2021-07-08T14:27:01","modified_gmt":"2021-07-08T13:27:01","slug":"play-areas","status":"publish","type":"page","link":"https:\/\/www.ecosurface.co.uk\/de\/play-areas\/","title":{"rendered":"Spielbereiche"},"content":{"rendered":"<div class=\"\">\n<div class=\"row text-center\">\n<div class=\"section-title-col\" data-type=\"column\">\n<p class=\"lead\">Sorgen das ganze Jahr \u00fcber f\u00fcr saubere und trockene B\u00f6den f\u00fcr Spiel- und Sitzbereiche. Weiche, dekorative und pflegeleichte Farbgestaltung. Erh\u00e4ltlich mit branchenf\u00fchrenden Testergebnissen f\u00fcr Sicherheit, einschlie\u00dflich einer ungiftigen Spielzeug-Sicherheitsbewertung, sodass es das einzige Mulchsystem ist, dass f\u00fcr Kinder im Kindergartenalter oder Krabbelkinder geeignet ist. Es sind keine schweren Installationsger\u00e4te erforderlich, sodass es ideal f\u00fcr kleinere oder geschlossene Bereiche ist.<\/p>\n<h4 style=\"text-align: center;\"><a href=\"http:\/\/www.ecosurface.co.uk\/de\/rubber-mulch\/\">Klicken Sie hier, um mehr \u00fcber unsere Gummimulchsysteme zu erfahren.<\/a><\/h4>\n<\/div>\n<\/div>\n<div class=\"row\" data-type=\"row\">\n<div class=\"col-xs-12 col-sm-3 no-gutter-col\">\n<div class=\"contentswap-effect\" data-hover-fx=\"portfolio-4\">\n<div class=\"initial-image\"><img decoding=\"async\" src=\"http:\/\/www.ecosurface.co.uk\/wp-content\/uploads\/2018\/05\/Play-Areas-3.png\" data-size=\"542x360\"><\/div>\n<\/div>\n<\/div>\n<div class=\"col-xs-12 col-sm-3 no-gutter-col\">\n<div class=\"contentswap-effect\" data-hover-fx=\"portfolio-4\">\n<div class=\"initial-image\"><img decoding=\"async\" src=\"https:\/\/www.ecosurface.co.uk\/wp-content\/uploads\/2021\/07\/play-areas-2.jpg\" data-size=\"542x360\"><\/div>\n<\/div>\n<\/div>\n<div class=\"col-xs-12 col-sm-3 no-gutter-col\">\n<div class=\"contentswap-effect\" data-hover-fx=\"portfolio-4\">\n<div class=\"initial-image\"><img decoding=\"async\" src=\"http:\/\/www.ecosurface.co.uk\/wp-content\/uploads\/2018\/05\/Play-Areas-1.png\" data-size=\"542x360\"><\/div>\n<\/div>\n<\/div>\n<div class=\"col-xs-12 col-sm-3 no-gutter-col\">\n<div class=\"contentswap-effect\" data-hover-fx=\"portfolio-4\">\n<div class=\"initial-image\"><img decoding=\"async\" src=\"http:\/\/www.ecosurface.co.uk\/wp-content\/uploads\/2018\/05\/Play-Areas-4.png\" data-size=\"542x360\"><\/div>\n<\/div>\n<\/div>\n<\/div>\n<\/div>","protected":false},"excerpt":{"rendered":"<p>Will give an all year round clean and dry surface for play and seating areas. Soft underfoot, decorative, maintenance free colour schemes. Available with industry leading test results for safety, including a nontoxic toy safety rating, so is the only mulch system suitable for nursery age or crawling children. No need for heavy installation equipment&hellip; <br \/> <a class=\"read-more\" href=\"https:\/\/www.ecosurface.co.uk\/de\/play-areas\/\">Weiterlesen<\/a><\/p>","protected":false},"author":1,"featured_media":0,"parent":0,"menu_order":0,"comment_status":"closed","ping_status":"closed","template":"","meta":{"inline_featured_image":false,"ngg_post_thumbnail":0,"footnotes":""},"class_list":["post-2026","page","type-page","status-publish","hentry"],"yoast_head":"<!-- This site is optimized with the Yoast SEO plugin v27.5 - https:\/\/yoast.com\/product\/yoast-seo-wordpress\/ -->\n<title>Play areas<\/title>\n<meta name=\"robots\" content=\"index, follow, max-snippet:-1, max-image-preview:large, max-video-preview:-1\" \/>\n<link rel=\"canonical\" href=\"https:\/\/www.ecosurface.co.uk\/de\/play-areas\/\" \/>\n<meta property=\"og:locale\" content=\"de_DE\" \/>\n<meta property=\"og:type\" content=\"article\" \/>\n<meta property=\"og:title\" content=\"Play areas\" \/>\n<meta property=\"og:description\" content=\"Will give an all year round clean and dry surface for play and seating areas. Soft underfoot, decorative, maintenance free colour schemes. Available with industry leading test results for safety, including a nontoxic toy safety rating, so is the only mulch system suitable for nursery age or crawling children. No need for heavy installation equipment&hellip; Weiterlesen\" \/>\n<meta property=\"og:url\" content=\"https:\/\/www.ecosurface.co.uk\/de\/play-areas\/\" \/>\n<meta property=\"og:site_name\" content=\"EcoSurface\" \/>\n<meta property=\"article:modified_time\" content=\"2021-07-08T13:27:01+00:00\" \/>\n<meta property=\"og:image\" content=\"http:\/\/www.ecosurface.co.uk\/wp-content\/uploads\/2018\/05\/Play-Areas-3.png\" \/>\n<meta name=\"twitter:card\" content=\"summary_large_image\" \/>\n<script type=\"application\/ld+json\" class=\"yoast-schema-graph\">{\"@context\":\"https:\\\/\\\/schema.org\",\"@graph\":[{\"@type\":\"WebPage\",\"@id\":\"https:\\\/\\\/www.ecosurface.co.uk\\\/nl\\\/play-areas\\\/\",\"url\":\"https:\\\/\\\/www.ecosurface.co.uk\\\/nl\\\/play-areas\\\/\",\"name\":\"Play areas\",\"isPartOf\":{\"@id\":\"https:\\\/\\\/www.ecosurface.co.uk\\\/#website\"},\"primaryImageOfPage\":{\"@id\":\"https:\\\/\\\/www.ecosurface.co.uk\\\/nl\\\/play-areas\\\/#primaryimage\"},\"image\":{\"@id\":\"https:\\\/\\\/www.ecosurface.co.uk\\\/nl\\\/play-areas\\\/#primaryimage\"},\"thumbnailUrl\":\"http:\\\/\\\/www.ecosurface.co.uk\\\/wp-content\\\/uploads\\\/2018\\\/05\\\/Play-Areas-3.png\",\"datePublished\":\"2018-03-26T14:27:20+00:00\",\"dateModified\":\"2021-07-08T13:27:01+00:00\",\"breadcrumb\":{\"@id\":\"https:\\\/\\\/www.ecosurface.co.uk\\\/nl\\\/play-areas\\\/#breadcrumb\"},\"inLanguage\":\"de\",\"potentialAction\":[{\"@type\":\"ReadAction\",\"target\":[\"https:\\\/\\\/www.ecosurface.co.uk\\\/nl\\\/play-areas\\\/\"]}]},{\"@type\":\"ImageObject\",\"inLanguage\":\"de\",\"@id\":\"https:\\\/\\\/www.ecosurface.co.uk\\\/nl\\\/play-areas\\\/#primaryimage\",\"url\":\"http:\\\/\\\/www.ecosurface.co.uk\\\/wp-content\\\/uploads\\\/2018\\\/05\\\/Play-Areas-3.png\",\"contentUrl\":\"http:\\\/\\\/www.ecosurface.co.uk\\\/wp-content\\\/uploads\\\/2018\\\/05\\\/Play-Areas-3.png\"},{\"@type\":\"BreadcrumbList\",\"@id\":\"https:\\\/\\\/www.ecosurface.co.uk\\\/nl\\\/play-areas\\\/#breadcrumb\",\"itemListElement\":[{\"@type\":\"ListItem\",\"position\":1,\"name\":\"Home\",\"item\":\"https:\\\/\\\/www.ecosurface.co.uk\\\/\"},{\"@type\":\"ListItem\",\"position\":2,\"name\":\"Play areas\"}]},{\"@type\":\"WebSite\",\"@id\":\"https:\\\/\\\/www.ecosurface.co.uk\\\/#website\",\"url\":\"https:\\\/\\\/www.ecosurface.co.uk\\\/\",\"name\":\"EcoSurface\",\"description\":\"\",\"publisher\":{\"@id\":\"https:\\\/\\\/www.ecosurface.co.uk\\\/#organization\"},\"potentialAction\":[{\"@type\":\"SearchAction\",\"target\":{\"@type\":\"EntryPoint\",\"urlTemplate\":\"https:\\\/\\\/www.ecosurface.co.uk\\\/?s={search_term_string}\"},\"query-input\":{\"@type\":\"PropertyValueSpecification\",\"valueRequired\":true,\"valueName\":\"search_term_string\"}}],\"inLanguage\":\"de\"},{\"@type\":\"Organization\",\"@id\":\"https:\\\/\\\/www.ecosurface.co.uk\\\/#organization\",\"name\":\"EcoSurface\",\"url\":\"https:\\\/\\\/www.ecosurface.co.uk\\\/\",\"logo\":{\"@type\":\"ImageObject\",\"inLanguage\":\"de\",\"@id\":\"https:\\\/\\\/www.ecosurface.co.uk\\\/#\\\/schema\\\/logo\\\/image\\\/\",\"url\":\"https:\\\/\\\/www.ecosurface.co.uk\\\/wp-content\\\/uploads\\\/2018\\\/02\\\/Ecosurface-logo.gif\",\"contentUrl\":\"https:\\\/\\\/www.ecosurface.co.uk\\\/wp-content\\\/uploads\\\/2018\\\/02\\\/Ecosurface-logo.gif\",\"width\":400,\"height\":150,\"caption\":\"EcoSurface\"},\"image\":{\"@id\":\"https:\\\/\\\/www.ecosurface.co.uk\\\/#\\\/schema\\\/logo\\\/image\\\/\"}}]}<\/script>\n<!-- \/ Yoast SEO plugin. -->","yoast_head_json":{"title":"Spielbereiche","robots":{"index":"index","follow":"follow","max-snippet":"max-snippet:-1","max-image-preview":"max-image-preview:large","max-video-preview":"max-video-preview:-1"},"canonical":"https:\/\/www.ecosurface.co.uk\/de\/play-areas\/","og_locale":"de_DE","og_type":"article","og_title":"Play areas","og_description":"Will give an all year round clean and dry surface for play and seating areas. Soft underfoot, decorative, maintenance free colour schemes. Available with industry leading test results for safety, including a nontoxic toy safety rating, so is the only mulch system suitable for nursery age or crawling children. No need for heavy installation equipment&hellip; Weiterlesen","og_url":"https:\/\/www.ecosurface.co.uk\/de\/play-areas\/","og_site_name":"EcoSurface","article_modified_time":"2021-07-08T13:27:01+00:00","og_image":[{"url":"http:\/\/www.ecosurface.co.uk\/wp-content\/uploads\/2018\/05\/Play-Areas-3.png","type":"","width":"","height":""}],"twitter_card":"summary_large_image","schema":{"@context":"https:\/\/schema.org","@graph":[{"@type":"WebPage","@id":"https:\/\/www.ecosurface.co.uk\/nl\/play-areas\/","url":"https:\/\/www.ecosurface.co.uk\/nl\/play-areas\/","name":"Spielbereiche","isPartOf":{"@id":"https:\/\/www.ecosurface.co.uk\/#website"},"primaryImageOfPage":{"@id":"https:\/\/www.ecosurface.co.uk\/nl\/play-areas\/#primaryimage"},"image":{"@id":"https:\/\/www.ecosurface.co.uk\/nl\/play-areas\/#primaryimage"},"thumbnailUrl":"http:\/\/www.ecosurface.co.uk\/wp-content\/uploads\/2018\/05\/Play-Areas-3.png","datePublished":"2018-03-26T14:27:20+00:00","dateModified":"2021-07-08T13:27:01+00:00","breadcrumb":{"@id":"https:\/\/www.ecosurface.co.uk\/nl\/play-areas\/#breadcrumb"},"inLanguage":"de","potentialAction":[{"@type":"ReadAction","target":["https:\/\/www.ecosurface.co.uk\/nl\/play-areas\/"]}]},{"@type":"ImageObject","inLanguage":"de","@id":"https:\/\/www.ecosurface.co.uk\/nl\/play-areas\/#primaryimage","url":"http:\/\/www.ecosurface.co.uk\/wp-content\/uploads\/2018\/05\/Play-Areas-3.png","contentUrl":"http:\/\/www.ecosurface.co.uk\/wp-content\/uploads\/2018\/05\/Play-Areas-3.png"},{"@type":"BreadcrumbList","@id":"https:\/\/www.ecosurface.co.uk\/nl\/play-areas\/#breadcrumb","itemListElement":[{"@type":"ListItem","position":1,"name":"Home","item":"https:\/\/www.ecosurface.co.uk\/"},{"@type":"ListItem","position":2,"name":"Play areas"}]},{"@type":"WebSite","@id":"https:\/\/www.ecosurface.co.uk\/#website","url":"https:\/\/www.ecosurface.co.uk\/","name":"EcoSurface","description":"","publisher":{"@id":"https:\/\/www.ecosurface.co.uk\/#organization"},"potentialAction":[{"@type":"SearchAction","target":{"@type":"EntryPoint","urlTemplate":"https:\/\/www.ecosurface.co.uk\/?s={search_term_string}"},"query-input":{"@type":"PropertyValueSpecification","valueRequired":true,"valueName":"search_term_string"}}],"inLanguage":"de"},{"@type":"Organization","@id":"https:\/\/www.ecosurface.co.uk\/#organization","name":"EcoSurface","url":"https:\/\/www.ecosurface.co.uk\/","logo":{"@type":"ImageObject","inLanguage":"de","@id":"https:\/\/www.ecosurface.co.uk\/#\/schema\/logo\/image\/","url":"https:\/\/www.ecosurface.co.uk\/wp-content\/uploads\/2018\/02\/Ecosurface-logo.gif","contentUrl":"https:\/\/www.ecosurface.co.uk\/wp-content\/uploads\/2018\/02\/Ecosurface-logo.gif","width":400,"height":150,"caption":"EcoSurface"},"image":{"@id":"https:\/\/www.ecosurface.co.uk\/#\/schema\/logo\/image\/"}}]}},"_links":{"self":[{"href":"https:\/\/www.ecosurface.co.uk\/de\/wp-json\/wp\/v2\/pages\/2026","targetHints":{"allow":["GET"]}}],"collection":[{"href":"https:\/\/www.ecosurface.co.uk\/de\/wp-json\/wp\/v2\/pages"}],"about":[{"href":"https:\/\/www.ecosurface.co.uk\/de\/wp-json\/wp\/v2\/types\/page"}],"author":[{"embeddable":true,"href":"https:\/\/www.ecosurface.co.uk\/de\/wp-json\/wp\/v2\/users\/1"}],"replies":[{"embeddable":true,"href":"https:\/\/www.ecosurface.co.uk\/de\/wp-json\/wp\/v2\/comments?post=2026"}],"version-history":[{"count":8,"href":"https:\/\/www.ecosurface.co.uk\/de\/wp-json\/wp\/v2\/pages\/2026\/revisions"}],"predecessor-version":[{"id":23572,"href":"https:\/\/www.ecosurface.co.uk\/de\/wp-json\/wp\/v2\/pages\/2026\/revisions\/23572"}],"wp:attachment":[{"href":"https:\/\/www.ecosurface.co.uk\/de\/wp-json\/wp\/v2\/media?parent=2026"}],"curies":[{"name":"wp","href":"https:\/\/api.w.org\/{rel}","templated":true}]}}