





{"id":1482,"date":"2018-03-01T14:27:41","date_gmt":"2018-03-01T14:27:41","guid":{"rendered":"http:\/\/www.ecosurface.co.uk\/?page_id=1482"},"modified":"2022-02-03T16:42:11","modified_gmt":"2022-02-03T16:42:11","slug":"treerings","status":"publish","type":"page","link":"https:\/\/www.ecosurface.co.uk\/de\/treerings\/","title":{"rendered":"Baumringe"},"content":{"rendered":"<div class=\"\">\n<div class=\"row text-center\">\n<div class=\"section-title-col\" data-type=\"column\">\n<p class=\"lead\">Sorgen f\u00fcr Temperaturstabilisierung und Unkrautunterdr\u00fcckung bei jungen B\u00e4umen und passen sich den Bewegungen der wachsenden Wurzeln an. Nicht auslaugend und absorbiert weder Wasser noch N\u00e4hrstoffe.<\/p>\n<h4 style=\"text-align: center;\"><a href=\"https:\/\/www.ecosurface.co.uk\/de\/rubber-mulch\/\">Klicken Sie hier, um mehr \u00fcber unsere Gummimulchsysteme zu erfahren.<\/a><\/h4>\n<\/div>\n<\/div>\n<div class=\"row\" data-type=\"row\">\n<div class=\"col-xs-12 col-sm-3 no-gutter-col\">\n<div class=\"contentswap-effect\" data-hover-fx=\"portfolio-4\">\n<div class=\"initial-image\"><a href=\"https:\/\/www.ecosurface.co.uk\/wp-content\/uploads\/2018\/05\/Tree-Rings-1.png\"><img loading=\"lazy\" decoding=\"async\" class=\"alignnone\" src=\"https:\/\/www.ecosurface.co.uk\/wp-content\/uploads\/2018\/05\/Tree-Rings-1.png\" alt=\"\" width=\"542\" height=\"360\" data-size=\"542x360\"><\/a><\/div>\n<\/div>\n<\/div>\n<div class=\"col-xs-12 col-sm-3 no-gutter-col\">\n<div class=\"contentswap-effect\" data-hover-fx=\"portfolio-4\">\n<div class=\"initial-image\"><a href=\"https:\/\/www.ecosurface.co.uk\/wp-content\/uploads\/2018\/05\/Tree-Rings-3.png\"><img loading=\"lazy\" decoding=\"async\" class=\"alignnone\" src=\"https:\/\/www.ecosurface.co.uk\/wp-content\/uploads\/2018\/05\/Tree-Rings-3.png\" alt=\"\" width=\"542\" height=\"360\" data-size=\"542x360\"><\/a><\/div>\n<\/div>\n<\/div>\n<div class=\"col-xs-12 col-sm-3 no-gutter-col\">\n<div class=\"contentswap-effect\" data-hover-fx=\"portfolio-4\">\n<div class=\"initial-image\"><a href=\"https:\/\/www.ecosurface.co.uk\/wp-content\/uploads\/2018\/05\/Tree-Rings-2.png\"><img loading=\"lazy\" decoding=\"async\" class=\"alignnone\" src=\"https:\/\/www.ecosurface.co.uk\/wp-content\/uploads\/2018\/05\/Tree-Rings-2.png\" alt=\"\" width=\"542\" height=\"360\" data-size=\"542x360\"><\/a><\/div>\n<\/div>\n<\/div>\n<div class=\"col-xs-12 col-sm-3 no-gutter-col\">\n<div class=\"contentswap-effect\" data-hover-fx=\"portfolio-4\">\n<div class=\"initial-image\"><a href=\"https:\/\/www.ecosurface.co.uk\/wp-content\/uploads\/2018\/05\/Tree-Rings-4.png\"><img loading=\"lazy\" decoding=\"async\" class=\"alignnone\" src=\"https:\/\/www.ecosurface.co.uk\/wp-content\/uploads\/2018\/05\/Tree-Rings-4.png\" alt=\"\" width=\"542\" height=\"360\" data-size=\"542x360\"><\/a><\/div>\n<\/div>\n<\/div>\n<div class=\"row text-center\">\n<div class=\"section-title-col\" data-type=\"column\">&nbsp;&nbsp;&nbsp;<\/p>\n<p class=\"lead\">Realistische Erwartungen nach einigen Jahren der Nutzung: Unser Mulch hat sich an die Bodenbewegungen angepasst, w\u00e4hrend der Baum gewachsen ist, und tats\u00e4chlich sieht es so aus, als h\u00e4tte sich unsere Mulchfl\u00e4che auf einen Teil des umgebenden Betons ausgedehnt, der offensichtlich nicht so flexibel war!<\/p>\n<p class=\"lead\">Beachten Sie das neue Wachstum, das aus der Basis des Baumes kommt, aber kein Unkraut, das durch unseren Mulchboden w\u00e4chst. Beachten Sie auch, dass fallende Bl\u00e4tter und andere Ablagerungen einfach auf der Mulchfl\u00e4che verrotten, ohne dass eine Wartung erforderlich ist.<\/p>\n<\/div>\n<\/div>\n<div class=\"row\" data-type=\"row\">\n<div class=\"col-xs-12 col-sm-3 no-gutter-col\">\n<div class=\"contentswap-effect\" data-hover-fx=\"portfolio-4\">\n<div class=\"initial-image\"><a href=\"https:\/\/www.ecosurface.co.uk\/wp-content\/uploads\/2022\/02\/Tree-Ring-5-HD.jpg\"><img loading=\"lazy\" decoding=\"async\" class=\"alignnone\" src=\"https:\/\/www.ecosurface.co.uk\/wp-content\/uploads\/2022\/02\/Tree-Ring-5.jpg\" alt=\"\" width=\"542\" height=\"360\" data-size=\"542x360\"><\/a><\/div>\n<\/div>\n<\/div>\n<div class=\"col-xs-12 col-sm-3 no-gutter-col\">\n<div class=\"contentswap-effect\" data-hover-fx=\"portfolio-4\">\n<div class=\"initial-image\"><a href=\"https:\/\/www.ecosurface.co.uk\/wp-content\/uploads\/2022\/02\/Tree-ring-6-HD.jpg\"><img loading=\"lazy\" decoding=\"async\" class=\"alignnone\" src=\"https:\/\/www.ecosurface.co.uk\/wp-content\/uploads\/2022\/02\/Tree-ring-6.jpg\" alt=\"\" width=\"542\" height=\"360\" data-size=\"542x360\"><\/a><\/div>\n<\/div>\n<\/div>\n<div class=\"col-xs-12 col-sm-3 no-gutter-col\">\n<div class=\"contentswap-effect\" data-hover-fx=\"portfolio-4\">\n<div class=\"initial-image\"><a href=\"https:\/\/www.ecosurface.co.uk\/wp-content\/uploads\/2022\/02\/Tree-ring-7-HD.jpg\"><img loading=\"lazy\" decoding=\"async\" class=\"alignnone\" src=\"https:\/\/www.ecosurface.co.uk\/wp-content\/uploads\/2022\/02\/Tree-ring-7.jpg\" alt=\"\" width=\"542\" height=\"360\" data-size=\"542x360\"><\/a><\/div>\n<\/div>\n<\/div>\n<div class=\"col-xs-12 col-sm-3 no-gutter-col\">\n<div class=\"contentswap-effect\" data-hover-fx=\"portfolio-4\">\n<div class=\"initial-image\"><a href=\"https:\/\/www.ecosurface.co.uk\/wp-content\/uploads\/2022\/02\/Tree-ring-8-HD.jpg\"><img loading=\"lazy\" decoding=\"async\" class=\"alignnone\" src=\"https:\/\/www.ecosurface.co.uk\/wp-content\/uploads\/2022\/02\/Tree-ring-8.jpg\" alt=\"\" width=\"542\" height=\"360\" data-size=\"542x360\"><\/a><\/div>\n<\/div>\n<\/div>\n<\/div>\n<\/div>\n<\/div>","protected":false},"excerpt":{"rendered":"<p>Will provide temperature stabilisation and weed suppression for young trees, and flex with the movement of growing roots. Non leaching and doesn&#8217;t absorb any water or nutrients. Click to find out more about our rubber mulch systems &nbsp;&nbsp;&nbsp; Realistic expectations after some years of use: Our mulch has flexed to absorb the ground movement as&hellip; <br \/> <a class=\"read-more\" href=\"https:\/\/www.ecosurface.co.uk\/de\/treerings\/\">Weiterlesen<\/a><\/p>","protected":false},"author":1,"featured_media":0,"parent":0,"menu_order":0,"comment_status":"closed","ping_status":"closed","template":"","meta":{"inline_featured_image":false,"ngg_post_thumbnail":0,"footnotes":""},"class_list":["post-1482","page","type-page","status-publish","hentry"],"yoast_head":"<!-- This site is optimized with the Yoast SEO plugin v27.5 - https:\/\/yoast.com\/product\/yoast-seo-wordpress\/ -->\n<title>Tree rings<\/title>\n<meta name=\"robots\" content=\"index, follow, max-snippet:-1, max-image-preview:large, max-video-preview:-1\" \/>\n<link rel=\"canonical\" href=\"https:\/\/www.ecosurface.co.uk\/de\/treerings\/\" \/>\n<meta property=\"og:locale\" content=\"de_DE\" \/>\n<meta property=\"og:type\" content=\"article\" \/>\n<meta property=\"og:title\" content=\"Tree rings\" \/>\n<meta property=\"og:description\" content=\"Will provide temperature stabilisation and weed suppression for young trees, and flex with the movement of growing roots. Non leaching and doesn&#8217;t absorb any water or nutrients. Click to find out more about our rubber mulch systems &nbsp;&nbsp;&nbsp; Realistic expectations after some years of use: Our mulch has flexed to absorb the ground movement as&hellip; Weiterlesen\" \/>\n<meta property=\"og:url\" content=\"https:\/\/www.ecosurface.co.uk\/de\/treerings\/\" \/>\n<meta property=\"og:site_name\" content=\"EcoSurface\" \/>\n<meta property=\"article:modified_time\" content=\"2022-02-03T16:42:11+00:00\" \/>\n<meta property=\"og:image\" content=\"https:\/\/www.ecosurface.co.uk\/wp-content\/uploads\/2018\/05\/Tree-Rings-1.png\" \/>\n<meta name=\"twitter:card\" content=\"summary_large_image\" \/>\n<meta name=\"twitter:label1\" content=\"Gesch\u00e4tzte Lesezeit\" \/>\n\t<meta name=\"twitter:data1\" content=\"1\u00a0Minute\" \/>\n<script type=\"application\/ld+json\" class=\"yoast-schema-graph\">{\"@context\":\"https:\\\/\\\/schema.org\",\"@graph\":[{\"@type\":\"WebPage\",\"@id\":\"https:\\\/\\\/www.ecosurface.co.uk\\\/nl\\\/treerings\\\/\",\"url\":\"https:\\\/\\\/www.ecosurface.co.uk\\\/nl\\\/treerings\\\/\",\"name\":\"Tree rings\",\"isPartOf\":{\"@id\":\"https:\\\/\\\/www.ecosurface.co.uk\\\/#website\"},\"primaryImageOfPage\":{\"@id\":\"https:\\\/\\\/www.ecosurface.co.uk\\\/nl\\\/treerings\\\/#primaryimage\"},\"image\":{\"@id\":\"https:\\\/\\\/www.ecosurface.co.uk\\\/nl\\\/treerings\\\/#primaryimage\"},\"thumbnailUrl\":\"https:\\\/\\\/www.ecosurface.co.uk\\\/wp-content\\\/uploads\\\/2018\\\/05\\\/Tree-Rings-1.png\",\"datePublished\":\"2018-03-01T14:27:41+00:00\",\"dateModified\":\"2022-02-03T16:42:11+00:00\",\"breadcrumb\":{\"@id\":\"https:\\\/\\\/www.ecosurface.co.uk\\\/nl\\\/treerings\\\/#breadcrumb\"},\"inLanguage\":\"de\",\"potentialAction\":[{\"@type\":\"ReadAction\",\"target\":[\"https:\\\/\\\/www.ecosurface.co.uk\\\/nl\\\/treerings\\\/\"]}]},{\"@type\":\"ImageObject\",\"inLanguage\":\"de\",\"@id\":\"https:\\\/\\\/www.ecosurface.co.uk\\\/nl\\\/treerings\\\/#primaryimage\",\"url\":\"https:\\\/\\\/www.ecosurface.co.uk\\\/wp-content\\\/uploads\\\/2018\\\/05\\\/Tree-Rings-1.png\",\"contentUrl\":\"https:\\\/\\\/www.ecosurface.co.uk\\\/wp-content\\\/uploads\\\/2018\\\/05\\\/Tree-Rings-1.png\"},{\"@type\":\"BreadcrumbList\",\"@id\":\"https:\\\/\\\/www.ecosurface.co.uk\\\/nl\\\/treerings\\\/#breadcrumb\",\"itemListElement\":[{\"@type\":\"ListItem\",\"position\":1,\"name\":\"Home\",\"item\":\"https:\\\/\\\/www.ecosurface.co.uk\\\/\"},{\"@type\":\"ListItem\",\"position\":2,\"name\":\"Tree rings\"}]},{\"@type\":\"WebSite\",\"@id\":\"https:\\\/\\\/www.ecosurface.co.uk\\\/#website\",\"url\":\"https:\\\/\\\/www.ecosurface.co.uk\\\/\",\"name\":\"EcoSurface\",\"description\":\"\",\"publisher\":{\"@id\":\"https:\\\/\\\/www.ecosurface.co.uk\\\/#organization\"},\"potentialAction\":[{\"@type\":\"SearchAction\",\"target\":{\"@type\":\"EntryPoint\",\"urlTemplate\":\"https:\\\/\\\/www.ecosurface.co.uk\\\/?s={search_term_string}\"},\"query-input\":{\"@type\":\"PropertyValueSpecification\",\"valueRequired\":true,\"valueName\":\"search_term_string\"}}],\"inLanguage\":\"de\"},{\"@type\":\"Organization\",\"@id\":\"https:\\\/\\\/www.ecosurface.co.uk\\\/#organization\",\"name\":\"EcoSurface\",\"url\":\"https:\\\/\\\/www.ecosurface.co.uk\\\/\",\"logo\":{\"@type\":\"ImageObject\",\"inLanguage\":\"de\",\"@id\":\"https:\\\/\\\/www.ecosurface.co.uk\\\/#\\\/schema\\\/logo\\\/image\\\/\",\"url\":\"https:\\\/\\\/www.ecosurface.co.uk\\\/wp-content\\\/uploads\\\/2018\\\/02\\\/Ecosurface-logo.gif\",\"contentUrl\":\"https:\\\/\\\/www.ecosurface.co.uk\\\/wp-content\\\/uploads\\\/2018\\\/02\\\/Ecosurface-logo.gif\",\"width\":400,\"height\":150,\"caption\":\"EcoSurface\"},\"image\":{\"@id\":\"https:\\\/\\\/www.ecosurface.co.uk\\\/#\\\/schema\\\/logo\\\/image\\\/\"}}]}<\/script>\n<!-- \/ Yoast SEO plugin. -->","yoast_head_json":{"title":"Baumringe","robots":{"index":"index","follow":"follow","max-snippet":"max-snippet:-1","max-image-preview":"max-image-preview:large","max-video-preview":"max-video-preview:-1"},"canonical":"https:\/\/www.ecosurface.co.uk\/de\/treerings\/","og_locale":"de_DE","og_type":"article","og_title":"Tree rings","og_description":"Will provide temperature stabilisation and weed suppression for young trees, and flex with the movement of growing roots. Non leaching and doesn&#8217;t absorb any water or nutrients. Click to find out more about our rubber mulch systems &nbsp;&nbsp;&nbsp; Realistic expectations after some years of use: Our mulch has flexed to absorb the ground movement as&hellip; Weiterlesen","og_url":"https:\/\/www.ecosurface.co.uk\/de\/treerings\/","og_site_name":"EcoSurface","article_modified_time":"2022-02-03T16:42:11+00:00","og_image":[{"url":"https:\/\/www.ecosurface.co.uk\/wp-content\/uploads\/2018\/05\/Tree-Rings-1.png","type":"","width":"","height":""}],"twitter_card":"summary_large_image","twitter_misc":{"Gesch\u00e4tzte Lesezeit":"1\u00a0Minute"},"schema":{"@context":"https:\/\/schema.org","@graph":[{"@type":"WebPage","@id":"https:\/\/www.ecosurface.co.uk\/nl\/treerings\/","url":"https:\/\/www.ecosurface.co.uk\/nl\/treerings\/","name":"Baumringe","isPartOf":{"@id":"https:\/\/www.ecosurface.co.uk\/#website"},"primaryImageOfPage":{"@id":"https:\/\/www.ecosurface.co.uk\/nl\/treerings\/#primaryimage"},"image":{"@id":"https:\/\/www.ecosurface.co.uk\/nl\/treerings\/#primaryimage"},"thumbnailUrl":"https:\/\/www.ecosurface.co.uk\/wp-content\/uploads\/2018\/05\/Tree-Rings-1.png","datePublished":"2018-03-01T14:27:41+00:00","dateModified":"2022-02-03T16:42:11+00:00","breadcrumb":{"@id":"https:\/\/www.ecosurface.co.uk\/nl\/treerings\/#breadcrumb"},"inLanguage":"de","potentialAction":[{"@type":"ReadAction","target":["https:\/\/www.ecosurface.co.uk\/nl\/treerings\/"]}]},{"@type":"ImageObject","inLanguage":"de","@id":"https:\/\/www.ecosurface.co.uk\/nl\/treerings\/#primaryimage","url":"https:\/\/www.ecosurface.co.uk\/wp-content\/uploads\/2018\/05\/Tree-Rings-1.png","contentUrl":"https:\/\/www.ecosurface.co.uk\/wp-content\/uploads\/2018\/05\/Tree-Rings-1.png"},{"@type":"BreadcrumbList","@id":"https:\/\/www.ecosurface.co.uk\/nl\/treerings\/#breadcrumb","itemListElement":[{"@type":"ListItem","position":1,"name":"Home","item":"https:\/\/www.ecosurface.co.uk\/"},{"@type":"ListItem","position":2,"name":"Tree rings"}]},{"@type":"WebSite","@id":"https:\/\/www.ecosurface.co.uk\/#website","url":"https:\/\/www.ecosurface.co.uk\/","name":"EcoSurface","description":"","publisher":{"@id":"https:\/\/www.ecosurface.co.uk\/#organization"},"potentialAction":[{"@type":"SearchAction","target":{"@type":"EntryPoint","urlTemplate":"https:\/\/www.ecosurface.co.uk\/?s={search_term_string}"},"query-input":{"@type":"PropertyValueSpecification","valueRequired":true,"valueName":"search_term_string"}}],"inLanguage":"de"},{"@type":"Organization","@id":"https:\/\/www.ecosurface.co.uk\/#organization","name":"EcoSurface","url":"https:\/\/www.ecosurface.co.uk\/","logo":{"@type":"ImageObject","inLanguage":"de","@id":"https:\/\/www.ecosurface.co.uk\/#\/schema\/logo\/image\/","url":"https:\/\/www.ecosurface.co.uk\/wp-content\/uploads\/2018\/02\/Ecosurface-logo.gif","contentUrl":"https:\/\/www.ecosurface.co.uk\/wp-content\/uploads\/2018\/02\/Ecosurface-logo.gif","width":400,"height":150,"caption":"EcoSurface"},"image":{"@id":"https:\/\/www.ecosurface.co.uk\/#\/schema\/logo\/image\/"}}]}},"_links":{"self":[{"href":"https:\/\/www.ecosurface.co.uk\/de\/wp-json\/wp\/v2\/pages\/1482","targetHints":{"allow":["GET"]}}],"collection":[{"href":"https:\/\/www.ecosurface.co.uk\/de\/wp-json\/wp\/v2\/pages"}],"about":[{"href":"https:\/\/www.ecosurface.co.uk\/de\/wp-json\/wp\/v2\/types\/page"}],"author":[{"embeddable":true,"href":"https:\/\/www.ecosurface.co.uk\/de\/wp-json\/wp\/v2\/users\/1"}],"replies":[{"embeddable":true,"href":"https:\/\/www.ecosurface.co.uk\/de\/wp-json\/wp\/v2\/comments?post=1482"}],"version-history":[{"count":14,"href":"https:\/\/www.ecosurface.co.uk\/de\/wp-json\/wp\/v2\/pages\/1482\/revisions"}],"predecessor-version":[{"id":23838,"href":"https:\/\/www.ecosurface.co.uk\/de\/wp-json\/wp\/v2\/pages\/1482\/revisions\/23838"}],"wp:attachment":[{"href":"https:\/\/www.ecosurface.co.uk\/de\/wp-json\/wp\/v2\/media?parent=1482"}],"curies":[{"name":"wp","href":"https:\/\/api.w.org\/{rel}","templated":true}]}}